{"id":606,"date":"2023-10-17T07:44:57","date_gmt":"2023-10-17T07:44:57","guid":{"rendered":"https:\/\/asatools.hr\/?page_id=606"},"modified":"2023-10-17T11:02:01","modified_gmt":"2023-10-17T11:02:01","slug":"asa-tools","status":"publish","type":"page","link":"https:\/\/asatools.hr\/index.php\/hr\/asa-tools\/","title":{"rendered":"Asa Tools &#8211; Hr"},"content":{"rendered":"<!--themify_builder_content-->\n<div id=\"themify_builder_content-606\" data-postid=\"606\" class=\"themify_builder_content themify_builder_content-606 themify_builder tf_clear\">\n    \t\t\t<!-- module_row -->\n\t<div  data-lazy=\"1\" class=\"module_row themify_builder_row tb_t9ai161 tb_first tf_w tf_clearfix\">\n\t    \t\t\t<div class=\"row_inner col_align_top tb_col_count_2 tf_box tf_rel\">\n\t\t            <div  data-lazy=\"1\" class=\"module_column tb-column col4-2 tb_3het161 first\">\n                                                        <div class=\"tb-column-inner tf_box tf_w\">\n                        <!-- module text -->\n<div  class=\"module module-text tb_i7bx80   \" data-lazy=\"1\">\n        <div  class=\"tb_text_wrap\">\n    <h3>Asa Tools<\/h3>\n<h5>Asa Tools d.o.o sada je konsolidirana tvrtka na hrvatskom podru\u010dju.<br><br><\/h5>\n<p>Nastala 2016. godine, specijalizirana je za preciznu mehani\u010dku obradu.<br><br>Nudi usluge glodanja i tokarenja za tre\u0107e strane.<br><br>Radionica uklju\u010duje visokou\u010dinkovite i fleksibilne CNC strojeve za numeri\u010dko upravljanje za razli\u010dite poslove i sektore.<\/p>    <\/div>\n<\/div>\n<!-- \/module text --><!-- module image -->\n<div  class=\"module module-image tb_ywoi53   image-top tf_mw\" data-lazy=\"1\">\n        <div class=\"image-wrap tf_rel tf_mw\">\n\t\t    <img src=\"https:\/\/asatools.hr\/wp-content\/uploads\/2023\/10\/Asa-azienda.png\" class=\"wp-post-image wp-image-629\" title=\"Asa azienda\" alt=\"Asa azienda\" srcset=\"https:\/\/asatools.hr\/wp-content\/uploads\/2023\/10\/Asa-azienda.png 566w, https:\/\/asatools.hr\/wp-content\/uploads\/2023\/10\/Asa-azienda-300x195.png 300w\" sizes=\"(max-width: 566px) 100vw, 566px\" \/>\t\n\t\t<\/div>\n\t<!-- \/image-wrap -->\n    \n    \t<\/div>\n<!-- \/module image -->                    <\/div>\n                            <\/div>\n                        <div  data-lazy=\"1\" class=\"module_column tb-column col4-2 tb_c8m8388 last\">\n                                                        <div class=\"tb-column-inner tf_box tf_w\">\n                        <!-- module image -->\n<div  class=\"module module-image tb_3mty778   image-top tf_mw\" data-lazy=\"1\">\n        <div class=\"image-wrap tf_rel tf_mw\">\n\t\t    <img src=\"https:\/\/asatools.hr\/wp-content\/uploads\/2023\/10\/LogoASA-Tools.png\" class=\"wp-post-image wp-image-630\" title=\"LogoASA-Tools\" alt=\"LogoASA-Tools\" srcset=\"https:\/\/asatools.hr\/wp-content\/uploads\/2023\/10\/LogoASA-Tools.png 350w, https:\/\/asatools.hr\/wp-content\/uploads\/2023\/10\/LogoASA-Tools-300x102.png 300w\" sizes=\"(max-width: 350px) 100vw, 350px\" \/>\t\n\t\t<\/div>\n\t<!-- \/image-wrap -->\n    \n    \t<\/div>\n<!-- \/module image --><!-- module text -->\n<div  class=\"module module-text tb_uym1843   \" data-lazy=\"1\">\n        <div  class=\"tb_text_wrap\">\n    <h5>\u00a0<\/h5>\n<h5>ASA TOOLS d.o.o.<\/h5>\n<p>Kukuljanovo 334<br><span style=\"background-color: initial; font-size: 1em;\">51227 Grad Bakar, Hrvatska<br><\/span><span style=\"background-color: initial; font-size: 1em;\">Phone +385 99 327 0010<br><\/span><span style=\"background-color: initial; font-size: 1em;\">Phone +385 51 424 842<br><\/span><span style=\"background-color: initial; font-size: 1em;\">info@asatools.hr\u00a0<\/span><\/p>    <\/div>\n<\/div>\n<!-- \/module text --><!-- module map -->\n<div  class=\"module module-map tb_63kt36 \">\n    \t\t    \t    <link rel=\"preconnect\" href=\"https:\/\/maps.googleapis.com\" crossorigin\/>\n\t\t<div\n\t    data-lazy=\"1\" \t    data-map-provider=\"google\"\n\t    data-address=\"ASA TOOLS d.o.o. Kukuljanovo 334 51227 Grad Bakar, Hrvatska\"\n\t    data-zoom=\"16\"\n\t    data-type=\"ROADMAP\"\n\t    data-scroll=\"\"\n\t    data-drag=\"1\"\n\t    data-mdrag=\"1\"\n\t    data-control=\"\"\n\t    class=\"tf_lazy themify_map\"\n\t    style=\"width:100%;height:300px;\"\n\t    data-info-window=\"&lt;b&gt;Address&lt;\/b&gt;&lt;br\/&gt;&lt;p&gt;ASA TOOLS d.o.o. Kukuljanovo 334 51227 Grad Bakar, Hrvatska&lt;\/p&gt;\"\n\t    data-reverse-geocoding=\"\">\n\t<\/div>\n    <\/div>\n<!-- \/module map -->\n                    <\/div>\n                            <\/div>\n            \t    <\/div>\n\t    <!-- \/row_inner -->\n\t<\/div>\n\t<!-- \/module_row -->\n\t<\/div>\n<!--\/themify_builder_content-->","protected":false},"excerpt":{"rendered":"<p>Asa Tools Asa Tools d.o.o sada je konsolidirana tvrtka na hrvatskom podru\u010dju. Nastala 2016. godine, specijalizirana je za preciznu mehani\u010dku obradu. Nudi usluge glodanja i tokarenja za tre\u0107e strane. Radionica uklju\u010duje visokou\u010dinkovite i fleksibilne CNC strojeve za numeri\u010dko upravljanje za razli\u010dite poslove i sektore. \u00a0 ASA TOOLS d.o.o. Kukuljanovo 33451227 Grad Bakar, HrvatskaPhone +385 99 [&hellip;]<\/p>\n","protected":false},"author":1,"featured_media":0,"parent":0,"menu_order":0,"comment_status":"closed","ping_status":"closed","template":"","meta":[],"builder_content":"<h3>Asa Tools<\/h3> <h5>Asa Tools d.o.o sada je konsolidirana tvrtka na hrvatskom podru\u010dju.<br><br><\/h5> <p>Nastala 2016. godine, specijalizirana je za preciznu mehani\u010dku obradu.<br><br>Nudi usluge glodanja i tokarenja za tre\u0107e strane.<br><br>Radionica uklju\u010duje visokou\u010dinkovite i fleksibilne CNC strojeve za numeri\u010dko upravljanje za razli\u010dite poslove i sektore.<\/p>\n<img src=\"https:\/\/asatools.hr\/wp-content\/uploads\/2023\/10\/Asa-azienda.png\" title=\"Asa azienda\" alt=\"Asa azienda\" srcset=\"https:\/\/asatools.hr\/wp-content\/uploads\/2023\/10\/Asa-azienda.png 566w, https:\/\/asatools.hr\/wp-content\/uploads\/2023\/10\/Asa-azienda-300x195.png 300w\" sizes=\"(max-width: 566px) 100vw, 566px\" \/>\n<img src=\"https:\/\/asatools.hr\/wp-content\/uploads\/2023\/10\/LogoASA-Tools.png\" title=\"LogoASA-Tools\" alt=\"LogoASA-Tools\" srcset=\"https:\/\/asatools.hr\/wp-content\/uploads\/2023\/10\/LogoASA-Tools.png 350w, https:\/\/asatools.hr\/wp-content\/uploads\/2023\/10\/LogoASA-Tools-300x102.png 300w\" sizes=\"(max-width: 350px) 100vw, 350px\" \/>\n<h5>\u00a0<\/h5> <h5>ASA TOOLS d.o.o.<\/h5> <p>Kukuljanovo 334<br>51227 Grad Bakar, Hrvatska<br>Phone +385 99 327 0010<br>Phone +385 51 424 842<br>info@asatools.hr\u00a0<\/p>\n<h3><\/h3><iframe frameborder=\"0\" scrolling=\"no\" marginheight=\"0\" marginwidth=\"0\" src=\"https:\/\/maps.google.com\/maps?q=ASA+TOOLS+d.o.o.+Kukuljanovo+334+51227+Grad+Bakar%2C+Hrvatska&amp;t=m&amp;z=16&amp;output=embed&amp;iwloc=near\"><\/iframe>","_links":{"self":[{"href":"https:\/\/asatools.hr\/index.php\/wp-json\/wp\/v2\/pages\/606"}],"collection":[{"href":"https:\/\/asatools.hr\/index.php\/wp-json\/wp\/v2\/pages"}],"about":[{"href":"https:\/\/asatools.hr\/index.php\/wp-json\/wp\/v2\/types\/page"}],"author":[{"embeddable":true,"href":"https:\/\/asatools.hr\/index.php\/wp-json\/wp\/v2\/users\/1"}],"replies":[{"embeddable":true,"href":"https:\/\/asatools.hr\/index.php\/wp-json\/wp\/v2\/comments?post=606"}],"version-history":[{"count":9,"href":"https:\/\/asatools.hr\/index.php\/wp-json\/wp\/v2\/pages\/606\/revisions"}],"predecessor-version":[{"id":690,"href":"https:\/\/asatools.hr\/index.php\/wp-json\/wp\/v2\/pages\/606\/revisions\/690"}],"wp:attachment":[{"href":"https:\/\/asatools.hr\/index.php\/wp-json\/wp\/v2\/media?parent=606"}],"curies":[{"name":"wp","href":"https:\/\/api.w.org\/{rel}","templated":true}]}}