{"id":385,"date":"2023-03-29T19:29:46","date_gmt":"2023-03-29T19:29:46","guid":{"rendered":"https:\/\/asatools.hr\/?page_id=385"},"modified":"2023-10-17T09:05:32","modified_gmt":"2023-10-17T09:05:32","slug":"firma","status":"publish","type":"page","link":"https:\/\/asatools.hr\/index.php\/pl\/firma\/","title":{"rendered":"Firma"},"content":{"rendered":"<!--themify_builder_content-->\n<div id=\"themify_builder_content-385\" data-postid=\"385\" class=\"themify_builder_content themify_builder_content-385 themify_builder tf_clear\">\n    \t\t\t<!-- module_row -->\n\t<div  data-css_id=\"l6vx419\" data-lazy=\"1\" class=\"module_row themify_builder_row fullwidth tb_l6vx419 tb_first tf_w tf_clearfix\">\n\t    \t\t\t<div class=\"row_inner col_align_top tb_col_count_1 tf_box tf_rel\">\n\t\t            <div  data-lazy=\"1\" class=\"module_column tb-column col-full tb_qfgm421 first\">\n                                                        <div class=\"tb-column-inner tf_box tf_w\">\n                        <!-- Slider Pro module -->\n<div  class=\"module module-pro-slider tb_fabm273 pager-none pager-type-circle \" data-loop=\"0\" data-thumbnail-width=\"30\" data-thumbnail-height=\"30\" data-autoplay=\"4000\" data-hover-pause=\"none\" data-timer-bar=\"\" data-slider-width=\"\" data-slider-height=\"350\" data-touch-swipe-desktop=\"no\" data-touch-swipe-mobile=\"no\" data-lazy=\"1\">\n    \t\t<div class=\"slider-pro tf_rel tf_hidden tf_lazy\">\n\t    \t    <div class=\"sp-slides-container tf_rel\">\n\t\t\t<div class=\"sp-mask tf_rel tf_overflow\">\n\t\t\t\t<div class=\"sp-slides tf_rel\">\n\t\t\t\t\t\t\t\t\t\t\t\t\t\t\t\t<div class=\"sp-slide sp-slide-0 sp-slide-type-Image  sp-selected bsp-slide-content-center tf_textc  tf_w\" data-transition=\"slideTop\" data-duration=\"1\"  style=\"background-image:url(https:\/\/asatools.hr\/wp-content\/uploads\/2023\/03\/slider1pl.jpg)\">\n\t\t\t\t\t\t\t\t\t\t\t\t<div class=\"bsp-layers-overlay tf_w tf_vmiddle\">\n\t\t\t\t\t\t\t<div class=\"sp-slide-wrap\">\n\t\t\t\t\t\t\t\t\t\t\t\t\t\t\t\t<div class=\"sp-slide-text tf_box\">\n\t\t\t\t\t\t\t\t\t\n\t\t\t\t\t\t\t\t\t\n\t\t\t\t\t\t\t\t\t\t\t\t\t\t\t\t\t<\/div>\n\t\t\t\t\t\t\t\t<!-- \/sp-slide-text -->\n\t\t\t\t\t\t\t<\/div><!-- .sp-slide-wrap -->\n\t\t\t\t\t\t<\/div><!-- .bsp-layers-overlay -->\n\t\t\t\t\t<\/div><!-- .sp-slide -->\n\t\t\t\t\t\t\t\t\t\t\t\t\t\t\t\t<div class=\"sp-slide sp-slide-1 sp-slide-type-Image  bsp-slide-content-left  tf_w\" data-transition=\"slideLeft\" data-duration=\".5\"  data-bg=\"https:\/\/asatools.hr\/wp-content\/uploads\/2023\/03\/slider2pl.jpg\">\n\t\t\t\t\t\t\t\t\t\t\t\t<div class=\"bsp-layers-overlay tf_w tf_vmiddle\">\n\t\t\t\t\t\t\t<div class=\"sp-slide-wrap\">\n\t\t\t\t\t\t\t\t\t\t\t\t\t\t\t\t<div class=\"sp-slide-text tf_box\">\n\t\t\t\t\t\t\t\t\t\n\t\t\t\t\t\t\t\t\t\n\t\t\t\t\t\t\t\t\t\t\t\t\t\t\t\t\t<\/div>\n\t\t\t\t\t\t\t\t<!-- \/sp-slide-text -->\n\t\t\t\t\t\t\t<\/div><!-- .sp-slide-wrap -->\n\t\t\t\t\t\t<\/div><!-- .bsp-layers-overlay -->\n\t\t\t\t\t<\/div><!-- .sp-slide -->\n\t\t\t\t\t\t\t\t\t\t\t\t\t\t\t\t<div class=\"sp-slide sp-slide-2 sp-slide-type-Image  bsp-slide-content-left  tf_w\" data-transition=\"slideBottom\" data-duration=\".5\"  data-bg=\"https:\/\/asatools.hr\/wp-content\/uploads\/2023\/03\/slider3pl.jpg\">\n\t\t\t\t\t\t\t\t\t\t\t\t<div class=\"bsp-layers-overlay tf_w tf_vmiddle\">\n\t\t\t\t\t\t\t<div class=\"sp-slide-wrap\">\n\t\t\t\t\t\t\t\t\t\t\t\t\t\t\t\t<div class=\"sp-slide-text tf_box\">\n\t\t\t\t\t\t\t\t\t\n\t\t\t\t\t\t\t\t\t\n\t\t\t\t\t\t\t\t\t\t\t\t\t\t\t\t\t<\/div>\n\t\t\t\t\t\t\t\t<!-- \/sp-slide-text -->\n\t\t\t\t\t\t\t<\/div><!-- .sp-slide-wrap -->\n\t\t\t\t\t\t<\/div><!-- .bsp-layers-overlay -->\n\t\t\t\t\t<\/div><!-- .sp-slide -->\n\t\t\t\t\t\t\t\t\t<\/div><!-- .sp-slides -->\n\t\t\t<\/div>\n\t    <\/div>\n\t    \t<\/div><!-- .slider-pro -->\n        <style>\n.tb_fabm273 .sp-slide-0 .bsp-slide-excerpt,.tb_fabm273 .sp-slide-0 .bsp-slide-excerpt p,.tb_fabm273 .sp-slide-0 .sp-slide-text .bsp-slide-post-title{color:#ffffff}\n<\/style><\/div>\n<!-- \/Slider Pro module -->\n                    <\/div>\n                            <\/div>\n            \t    <\/div>\n\t    <!-- \/row_inner -->\n\t<\/div>\n\t<!-- \/module_row -->\n\t\t\t\t<!-- module_row -->\n\t<div  data-lazy=\"1\" class=\"module_row themify_builder_row tb_qjna231 tf_w tf_clearfix\">\n\t    \t\t\t<div class=\"row_inner col_align_top tb_col_count_1 tf_box tf_rel\">\n\t\t            <div  data-lazy=\"1\" class=\"module_column tb-column col-full tb_n7p6232 first\">\n                                                        <div class=\"tb-column-inner tf_box tf_w\">\n                        <!-- module text -->\n<div  class=\"module module-text tb_y6qx339   \" data-lazy=\"1\">\n        <div  class=\"tb_text_wrap\">\n    <h5><span style=\"color: #808080;\">Asa tools doo i Ultrasystem Srl s\u0105 firmy zajmuj\u0105c\u0105 si\u0119 mechanik\u0105 precyzyjn\u0105,wyspecjalizowana w projektowaniu i produkcji specjalistycznych cz\u0119\u015bci do rotacyjnych pras wyrawaj\u0105cych I form.<br><\/span><br><span style=\"color: #808080;\">Asa tools i Ultrasystem ma dwa g\u0142\u00f3wne obszary dzia\u0142alno\u015bci:<\/span><br><span style=\"color: #808080;\">DZIA\u0141 MATRYC ROTACYJNYCH zajmuj\u0105cy si\u0119 projektowaniem I produkcj\u0105 element\u00f3w oraz akcesori\u00f3w do matryc rotacyjnych dla przemys\u0142u papierniczego, urz\u0105dze\u0144 sanitarnych, gospodarstw domowych etc.<\/span><br><span style=\"color: #808080;\">DZIA\u0141 FORM zajmuje si\u0119 projektowaniem I produkcj\u0105 form z blachy (dla przemys\u0142u motoryzacyjnego, urz\u0105dze\u0144 stosowanych w gospodarstwach domowych etc.)<\/span><\/h5>    <\/div>\n<\/div>\n<!-- \/module text -->                    <\/div>\n                            <\/div>\n            \t    <\/div>\n\t    <!-- \/row_inner -->\n\t<\/div>\n\t<!-- \/module_row -->\n\t<\/div>\n<!--\/themify_builder_content-->","protected":false},"excerpt":{"rendered":"<p>Asa tools doo i Ultrasystem Srl s\u0105 firmy zajmuj\u0105c\u0105 si\u0119 mechanik\u0105 precyzyjn\u0105,wyspecjalizowana w projektowaniu i produkcji specjalistycznych cz\u0119\u015bci do rotacyjnych pras wyrawaj\u0105cych I form. Asa tools i Ultrasystem ma dwa g\u0142\u00f3wne obszary dzia\u0142alno\u015bci:DZIA\u0141 MATRYC ROTACYJNYCH zajmuj\u0105cy si\u0119 projektowaniem I produkcj\u0105 element\u00f3w oraz akcesori\u00f3w do matryc rotacyjnych dla przemys\u0142u papierniczego, urz\u0105dze\u0144 sanitarnych, gospodarstw domowych etc.DZIA\u0141 FORM [&hellip;]<\/p>\n","protected":false},"author":1,"featured_media":0,"parent":0,"menu_order":0,"comment_status":"closed","ping_status":"closed","template":"","meta":[],"builder_content":"\n<h5>Asa tools doo i Ultrasystem Srl s\u0105 firmy zajmuj\u0105c\u0105 si\u0119 mechanik\u0105 precyzyjn\u0105,wyspecjalizowana w projektowaniu i produkcji specjalistycznych cz\u0119\u015bci do rotacyjnych pras wyrawaj\u0105cych I form.<br><br>Asa tools i Ultrasystem ma dwa g\u0142\u00f3wne obszary dzia\u0142alno\u015bci:<br>DZIA\u0141 MATRYC ROTACYJNYCH zajmuj\u0105cy si\u0119 projektowaniem I produkcj\u0105 element\u00f3w oraz akcesori\u00f3w do matryc rotacyjnych dla przemys\u0142u papierniczego, urz\u0105dze\u0144 sanitarnych, gospodarstw domowych etc.<br>DZIA\u0141 FORM zajmuje si\u0119 projektowaniem I produkcj\u0105 form z blachy (dla przemys\u0142u motoryzacyjnego, urz\u0105dze\u0144 stosowanych w gospodarstwach domowych etc.)<\/h5>","_links":{"self":[{"href":"https:\/\/asatools.hr\/index.php\/wp-json\/wp\/v2\/pages\/385"}],"collection":[{"href":"https:\/\/asatools.hr\/index.php\/wp-json\/wp\/v2\/pages"}],"about":[{"href":"https:\/\/asatools.hr\/index.php\/wp-json\/wp\/v2\/types\/page"}],"author":[{"embeddable":true,"href":"https:\/\/asatools.hr\/index.php\/wp-json\/wp\/v2\/users\/1"}],"replies":[{"embeddable":true,"href":"https:\/\/asatools.hr\/index.php\/wp-json\/wp\/v2\/comments?post=385"}],"version-history":[{"count":5,"href":"https:\/\/asatools.hr\/index.php\/wp-json\/wp\/v2\/pages\/385\/revisions"}],"predecessor-version":[{"id":663,"href":"https:\/\/asatools.hr\/index.php\/wp-json\/wp\/v2\/pages\/385\/revisions\/663"}],"wp:attachment":[{"href":"https:\/\/asatools.hr\/index.php\/wp-json\/wp\/v2\/media?parent=385"}],"curies":[{"name":"wp","href":"https:\/\/api.w.org\/{rel}","templated":true}]}}