{"id":383,"date":"2023-03-29T19:29:20","date_gmt":"2023-03-29T19:29:20","guid":{"rendered":"https:\/\/asatools.hr\/?page_id=383"},"modified":"2023-03-30T09:15:10","modified_gmt":"2023-03-30T09:15:10","slug":"podjetje","status":"publish","type":"page","link":"https:\/\/asatools.hr\/index.php\/sl\/podjetje\/","title":{"rendered":"Podjetje"},"content":{"rendered":"<!--themify_builder_content-->\n<div id=\"themify_builder_content-383\" data-postid=\"383\" class=\"themify_builder_content themify_builder_content-383 themify_builder tf_clear\">\n    \t\t\t<!-- module_row -->\n\t<div  data-css_id=\"r08m705\" data-lazy=\"1\" class=\"module_row themify_builder_row fullwidth tb_r08m705 tb_first tf_w tf_clearfix\">\n\t    \t\t\t<div class=\"row_inner col_align_top tb_col_count_1 tf_box tf_rel\">\n\t\t            <div  data-lazy=\"1\" class=\"module_column tb-column col-full tb_cgm6707 first\">\n                                                        <div class=\"tb-column-inner tf_box tf_w\">\n                        <!-- Slider Pro module -->\n<div  class=\"module module-pro-slider tb_71cg911 pager-none pager-type-circle \" data-loop=\"0\" data-thumbnail-width=\"30\" data-thumbnail-height=\"30\" data-autoplay=\"4000\" data-hover-pause=\"none\" data-timer-bar=\"\" data-slider-width=\"\" data-slider-height=\"350\" data-touch-swipe-desktop=\"no\" data-touch-swipe-mobile=\"no\" data-lazy=\"1\">\n    \t\t<div class=\"slider-pro tf_rel tf_hidden tf_lazy\">\n\t    \t    <div class=\"sp-slides-container tf_rel\">\n\t\t\t<div class=\"sp-mask tf_rel tf_overflow\">\n\t\t\t\t<div class=\"sp-slides tf_rel\">\n\t\t\t\t\t\t\t\t\t\t\t\t\t\t\t\t<div class=\"sp-slide sp-slide-0 sp-slide-type-Image  sp-selected bsp-slide-content-center tf_textc  tf_w\" data-transition=\"slideTop\" data-duration=\"1\"  style=\"background-image:url(https:\/\/asatools.hr\/wp-content\/uploads\/2023\/03\/slider1sl.jpg)\">\n\t\t\t\t\t\t\t\t\t\t\t\t<div class=\"bsp-layers-overlay tf_w tf_vmiddle\">\n\t\t\t\t\t\t\t<div class=\"sp-slide-wrap\">\n\t\t\t\t\t\t\t\t\t\t\t\t\t\t\t\t<div class=\"sp-slide-text tf_box\">\n\t\t\t\t\t\t\t\t\t\n\t\t\t\t\t\t\t\t\t\n\t\t\t\t\t\t\t\t\t\t\t\t\t\t\t\t\t<\/div>\n\t\t\t\t\t\t\t\t<!-- \/sp-slide-text -->\n\t\t\t\t\t\t\t<\/div><!-- .sp-slide-wrap -->\n\t\t\t\t\t\t<\/div><!-- .bsp-layers-overlay -->\n\t\t\t\t\t<\/div><!-- .sp-slide -->\n\t\t\t\t\t\t\t\t\t\t\t\t\t\t\t\t<div class=\"sp-slide sp-slide-1 sp-slide-type-Image  bsp-slide-content-left  tf_w\" data-transition=\"slideLeft\" data-duration=\".5\"  data-bg=\"https:\/\/asatools.hr\/wp-content\/uploads\/2023\/03\/slider2sl.jpg\">\n\t\t\t\t\t\t\t\t\t\t\t\t<div class=\"bsp-layers-overlay tf_w tf_vmiddle\">\n\t\t\t\t\t\t\t<div class=\"sp-slide-wrap\">\n\t\t\t\t\t\t\t\t\t\t\t\t\t\t\t\t<div class=\"sp-slide-text tf_box\">\n\t\t\t\t\t\t\t\t\t\n\t\t\t\t\t\t\t\t\t\n\t\t\t\t\t\t\t\t\t\t\t\t\t\t\t\t\t<\/div>\n\t\t\t\t\t\t\t\t<!-- \/sp-slide-text -->\n\t\t\t\t\t\t\t<\/div><!-- .sp-slide-wrap -->\n\t\t\t\t\t\t<\/div><!-- .bsp-layers-overlay -->\n\t\t\t\t\t<\/div><!-- .sp-slide -->\n\t\t\t\t\t\t\t\t\t\t\t\t\t\t\t\t<div class=\"sp-slide sp-slide-2 sp-slide-type-Image  bsp-slide-content-left  tf_w\" data-transition=\"slideBottom\" data-duration=\".5\"  data-bg=\"https:\/\/asatools.hr\/wp-content\/uploads\/2023\/03\/slider3sl.jpg\">\n\t\t\t\t\t\t\t\t\t\t\t\t<div class=\"bsp-layers-overlay tf_w tf_vmiddle\">\n\t\t\t\t\t\t\t<div class=\"sp-slide-wrap\">\n\t\t\t\t\t\t\t\t\t\t\t\t\t\t\t\t<div class=\"sp-slide-text tf_box\">\n\t\t\t\t\t\t\t\t\t\n\t\t\t\t\t\t\t\t\t\n\t\t\t\t\t\t\t\t\t\t\t\t\t\t\t\t\t<\/div>\n\t\t\t\t\t\t\t\t<!-- \/sp-slide-text -->\n\t\t\t\t\t\t\t<\/div><!-- .sp-slide-wrap -->\n\t\t\t\t\t\t<\/div><!-- .bsp-layers-overlay -->\n\t\t\t\t\t<\/div><!-- .sp-slide -->\n\t\t\t\t\t\t\t\t\t<\/div><!-- .sp-slides -->\n\t\t\t<\/div>\n\t    <\/div>\n\t    \t<\/div><!-- .slider-pro -->\n        <style>\n.tb_71cg911 .sp-slide-0 .bsp-slide-excerpt,.tb_71cg911 .sp-slide-0 .bsp-slide-excerpt p,.tb_71cg911 .sp-slide-0 .sp-slide-text .bsp-slide-post-title{color:#ffffff}\n<\/style><\/div>\n<!-- \/Slider Pro module -->\n                    <\/div>\n                            <\/div>\n            \t    <\/div>\n\t    <!-- \/row_inner -->\n\t<\/div>\n\t<!-- \/module_row -->\n\t\t\t\t<!-- module_row -->\n\t<div  data-lazy=\"1\" class=\"module_row themify_builder_row tb_bk1v695 tf_w tf_clearfix\">\n\t    \t\t\t<div class=\"row_inner col_align_top tb_col_count_1 tf_box tf_rel\">\n\t\t            <div  data-lazy=\"1\" class=\"module_column tb-column col-full tb_qbpc695 first\">\n                                                        <div class=\"tb-column-inner tf_box tf_w\">\n                        <!-- module text -->\n<div  class=\"module module-text tb_ke7f703   \" data-lazy=\"1\">\n        <div  class=\"tb_text_wrap\">\n    <h5><span style=\"color: #808080;\">Asa tools doo je hrva\u0161ka podru\u017enica italijanskega podjetja Ultrasystem Srl, finomehanskega podjetja, specializiranega za na\u010drtovanje in proizvodnjo posebnih delov za rotacijske izsekovalne stiskalnice in kalupe.<\/span><\/h5>\n<h5><span style=\"color: #808080;\">Asa tools doo in Ultrasystem Srl imata dve glavni podro\u010dji delovanja:<\/span><\/h5>\n<h5><span style=\"color: #808080;\">DIVIZIJA ROTACIJSKIH MATRIC: na\u010drtovanje in proizvodnja dodatkov in posebnih delov za rotacijske stroje za osebno higieno, industrijo gospodinjskega papirja itn.<\/span><\/h5>\n<h5><span style=\"color: #808080;\">DIVIZIJA KALUPI: na\u010drtovanje in izdelava kalupov za dele iz plo\u010devine (motoindustrija, izdelki za gospodinjstvo itd.); kalupi za toplotno oblikovanje (\u017eivilska, farmacevtska industrija) itn.).<\/span><\/h5>    <\/div>\n<\/div>\n<!-- \/module text -->                    <\/div>\n                            <\/div>\n            \t    <\/div>\n\t    <!-- \/row_inner -->\n\t<\/div>\n\t<!-- \/module_row -->\n\t<\/div>\n<!--\/themify_builder_content-->","protected":false},"excerpt":{"rendered":"<p>Asa tools doo je hrva\u0161ka podru\u017enica italijanskega podjetja Ultrasystem Srl, finomehanskega podjetja, specializiranega za na\u010drtovanje in proizvodnjo posebnih delov za rotacijske izsekovalne stiskalnice in kalupe. Asa tools doo in Ultrasystem Srl imata dve glavni podro\u010dji delovanja: DIVIZIJA ROTACIJSKIH MATRIC: na\u010drtovanje in proizvodnja dodatkov in posebnih delov za rotacijske stroje za osebno higieno, industrijo gospodinjskega papirja [&hellip;]<\/p>\n","protected":false},"author":1,"featured_media":0,"parent":0,"menu_order":0,"comment_status":"closed","ping_status":"closed","template":"","meta":[],"builder_content":"\n<h5>Asa tools doo je hrva\u0161ka podru\u017enica italijanskega podjetja Ultrasystem Srl, finomehanskega podjetja, specializiranega za na\u010drtovanje in proizvodnjo posebnih delov za rotacijske izsekovalne stiskalnice in kalupe.<\/h5> <h5>Asa tools doo in Ultrasystem Srl imata dve glavni podro\u010dji delovanja:<\/h5> <h5>DIVIZIJA ROTACIJSKIH MATRIC: na\u010drtovanje in proizvodnja dodatkov in posebnih delov za rotacijske stroje za osebno higieno, industrijo gospodinjskega papirja itn.<\/h5> <h5>DIVIZIJA KALUPI: na\u010drtovanje in izdelava kalupov za dele iz plo\u010devine (motoindustrija, izdelki za gospodinjstvo itd.); kalupi za toplotno oblikovanje (\u017eivilska, farmacevtska industrija) itn.).<\/h5>","_links":{"self":[{"href":"https:\/\/asatools.hr\/index.php\/wp-json\/wp\/v2\/pages\/383"}],"collection":[{"href":"https:\/\/asatools.hr\/index.php\/wp-json\/wp\/v2\/pages"}],"about":[{"href":"https:\/\/asatools.hr\/index.php\/wp-json\/wp\/v2\/types\/page"}],"author":[{"embeddable":true,"href":"https:\/\/asatools.hr\/index.php\/wp-json\/wp\/v2\/users\/1"}],"replies":[{"embeddable":true,"href":"https:\/\/asatools.hr\/index.php\/wp-json\/wp\/v2\/comments?post=383"}],"version-history":[{"count":5,"href":"https:\/\/asatools.hr\/index.php\/wp-json\/wp\/v2\/pages\/383\/revisions"}],"predecessor-version":[{"id":527,"href":"https:\/\/asatools.hr\/index.php\/wp-json\/wp\/v2\/pages\/383\/revisions\/527"}],"wp:attachment":[{"href":"https:\/\/asatools.hr\/index.php\/wp-json\/wp\/v2\/media?parent=383"}],"curies":[{"name":"wp","href":"https:\/\/api.w.org\/{rel}","templated":true}]}}