{"id":189,"date":"2023-03-21T09:25:46","date_gmt":"2023-03-21T09:25:46","guid":{"rendered":"https:\/\/asatools.hr\/?page_id=189"},"modified":"2023-03-30T10:09:16","modified_gmt":"2023-03-30T10:09:16","slug":"jakosc","status":"publish","type":"page","link":"https:\/\/asatools.hr\/index.php\/pl\/jakosc\/","title":{"rendered":"Jako\u015b\u0107"},"content":{"rendered":"<!--themify_builder_content-->\n<div id=\"themify_builder_content-189\" data-postid=\"189\" class=\"themify_builder_content themify_builder_content-189 themify_builder tf_clear\">\n    \t\t\t<!-- module_row -->\n\t<div  data-lazy=\"1\" class=\"module_row themify_builder_row tb_d7su705 tb_first tf_w tf_clearfix\">\n\t    \t\t\t<div class=\"row_inner col_align_top tb_col_count_1 tf_box tf_rel\">\n\t\t            <div  data-lazy=\"1\" class=\"module_column tb-column col-full tb_m7j0706 first\">\n                                                        <div class=\"tb-column-inner tf_box tf_w\">\n                        <!-- module text -->\n<div  class=\"module module-text tb_0dz0662   \" data-lazy=\"1\">\n        <div  class=\"tb_text_wrap\">\n    <h1>Jako\u015b\u0107<\/h1>    <\/div>\n<\/div>\n<!-- \/module text -->                    <\/div>\n                            <\/div>\n            \t    <\/div>\n\t    <!-- \/row_inner -->\n\t<\/div>\n\t<!-- \/module_row -->\n\t\t\t\t<!-- module_row -->\n\t<div  data-lazy=\"1\" class=\"module_row themify_builder_row tb_1tau318 tf_w tf_clearfix\">\n\t    \t\t\t<div class=\"row_inner col_align_top tb_col_count_1 tf_box tf_rel\">\n\t\t            <div  data-lazy=\"1\" class=\"module_column tb-column col-full tb_yajg318 first\">\n                                                        <div class=\"tb-column-inner tf_box tf_w\">\n                        <!-- module text -->\n<div  class=\"module module-text tb_i7u9180   \" data-lazy=\"1\">\n        <div  class=\"tb_text_wrap\">\n    <p>Ko\u0144cowy produkt podlega rygorystycznym testom jako\u015bci w celu sprawdzenia I zapewnienia najwy\u017cszych standard\u00f3w z zakresie formy, wymiar\u00f3w I jako\u015bci materia\u0142u.<br><br>Kontrola jako\u015bci jest zawsze ostatnim etapem ka\u017cdego projektu I gwarantuje dostarczenie klientowi najwy\u017cszej jako\u015bci produkt\u00f3w.<\/p>    <\/div>\n<\/div>\n<!-- \/module text -->                    <\/div>\n                            <\/div>\n            \t    <\/div>\n\t    <!-- \/row_inner -->\n\t<\/div>\n\t<!-- \/module_row -->\n\t\t\t\t<!-- module_row -->\n\t<div  data-lazy=\"1\" class=\"module_row themify_builder_row tb_rogt215 tf_w tf_clearfix\">\n\t    \t\t\t<div class=\"row_inner col_align_top tb_col_count_1 tf_box tf_rel\">\n\t\t            <div  data-lazy=\"1\" class=\"module_column tb-column col-full tb_dfb1215 first\">\n                                                        <div class=\"tb-column-inner tf_box tf_w\">\n                        <!-- module template_part -->\n<div  class=\"module module-layout-part tb_0zcf255 \">\n    <div class=\"tb_layout_part_wrap tf_w\"><!--themify_builder_content-->\n    <div  class=\"themify_builder_content themify_builder_content-479 themify_builder not_editable_builder in_the_loop\" data-postid=\"479\">\n        \t\t\t<!-- module_row -->\n\t<div  data-lazy=\"1\" class=\"module_row themify_builder_row tb_3iop142 tf_w tf_clearfix\">\n\t    \t\t\t<div class=\"row_inner col_align_top tb_col_count_4 tf_box tf_rel\">\n\t\t            <div  data-lazy=\"1\" class=\"module_column tb-column col4-1 tb_n2op142 first\">\n                                                        <div class=\"tb-column-inner tf_box tf_w\">\n                        <!-- module image -->\n<div  class=\"module module-image tb_yjr6142 rounded drop-shadow bordered  image-full-overlay tf_mw\" data-lazy=\"1\">\n        <div class=\"image-wrap tf_rel tf_mw\">\n\t\t    <img src=\"https:\/\/asatools.hr\/wp-content\/uploads\/2023\/03\/Picture34.jpg\" width=\"200\" class=\"wp-post-image wp-image-317\" title=\"Picture34\" alt=\"Picture34\" srcset=\"https:\/\/asatools.hr\/wp-content\/uploads\/2023\/03\/Picture34.jpg 608w, https:\/\/asatools.hr\/wp-content\/uploads\/2023\/03\/Picture34-300x192.jpg 300w\" sizes=\"(max-width: 608px) 100vw, 608px\" \/>\t\n\t\t<\/div>\n\t<!-- \/image-wrap -->\n    \n    \t<\/div>\n<!-- \/module image -->                    <\/div>\n                            <\/div>\n                        <div  data-lazy=\"1\" class=\"module_column tb-column col4-1 tb_l2vt142\">\n                                                        <div class=\"tb-column-inner tf_box tf_w\">\n                        <!-- module image -->\n<div  class=\"module module-image tb_wjul142 rounded drop-shadow bordered  image-center tf_mw\" data-lazy=\"1\">\n        <div class=\"image-wrap tf_rel tf_mw\">\n\t\t    <img src=\"https:\/\/asatools.hr\/wp-content\/uploads\/2023\/03\/Picture36.png\" width=\"330\" class=\"wp-post-image wp-image-318\" title=\"Picture36\" alt=\"Picture36\" srcset=\"https:\/\/asatools.hr\/wp-content\/uploads\/2023\/03\/Picture36.png 380w, https:\/\/asatools.hr\/wp-content\/uploads\/2023\/03\/Picture36-300x209.png 300w\" sizes=\"(max-width: 380px) 100vw, 380px\" \/>\t\n\t\t<\/div>\n\t<!-- \/image-wrap -->\n    \n    \t<\/div>\n<!-- \/module image -->                    <\/div>\n                            <\/div>\n                        <div  data-lazy=\"1\" class=\"module_column tb-column col4-1 tb_stqt142\">\n                                                        <div class=\"tb-column-inner tf_box tf_w\">\n                        <!-- module image -->\n<div  class=\"module module-image tb_pdid142 rounded drop-shadow bordered  image-center tf_mw\" data-lazy=\"1\">\n        <div class=\"image-wrap tf_rel tf_mw\">\n\t\t    <img src=\"https:\/\/asatools.hr\/wp-content\/uploads\/2023\/03\/Picture37.jpg\" width=\"260\" class=\"wp-post-image wp-image-327\" title=\"Picture37\" alt=\"Picture37\" srcset=\"https:\/\/asatools.hr\/wp-content\/uploads\/2023\/03\/Picture37.jpg 383w, https:\/\/asatools.hr\/wp-content\/uploads\/2023\/03\/Picture37-300x233.jpg 300w\" sizes=\"(max-width: 383px) 100vw, 383px\" \/>\t\n\t\t<\/div>\n\t<!-- \/image-wrap -->\n    \n    \t<\/div>\n<!-- \/module image -->                    <\/div>\n                            <\/div>\n                        <div  data-lazy=\"1\" class=\"module_column tb-column col4-1 tb_k5g4142 last\">\n                                                        <div class=\"tb-column-inner tf_box tf_w\">\n                        <!-- module image -->\n<div  class=\"module module-image tb_q8do142 rounded drop-shadow bordered  image-center tf_mw\" data-lazy=\"1\">\n        <div class=\"image-wrap tf_rel tf_mw\">\n\t\t    <img src=\"https:\/\/asatools.hr\/wp-content\/uploads\/2023\/03\/Picture38.jpg\" width=\"400\" class=\"wp-post-image wp-image-320\" title=\"Picture38\" alt=\"Picture38\" srcset=\"https:\/\/asatools.hr\/wp-content\/uploads\/2023\/03\/Picture38.jpg 637w, https:\/\/asatools.hr\/wp-content\/uploads\/2023\/03\/Picture38-300x156.jpg 300w\" sizes=\"(max-width: 637px) 100vw, 637px\" \/>\t\n\t\t<\/div>\n\t<!-- \/image-wrap -->\n    \n    \t<\/div>\n<!-- \/module image -->                    <\/div>\n                            <\/div>\n            \t    <\/div>\n\t    <!-- \/row_inner -->\n\t<\/div>\n\t<!-- \/module_row -->\n\t    <\/div>\n<!--\/themify_builder_content--><\/div>\n<\/div>\n<!-- \/module template_part -->                    <\/div>\n                            <\/div>\n            \t    <\/div>\n\t    <!-- \/row_inner -->\n\t<\/div>\n\t<!-- \/module_row -->\n\t\t\t\t<!-- module_row -->\n\t<div  data-lazy=\"1\" class=\"module_row themify_builder_row tb_vj4w143 tf_w tf_clearfix\">\n\t    \t\t\t<div class=\"row_inner col_align_top tb_col_count_1 tf_box tf_rel\">\n\t\t            <div  data-lazy=\"1\" class=\"module_column tb-column col-full tb_seha143 first\">\n                                                        <div class=\"tb-column-inner tf_box tf_w\">\n                        <!-- module template_part -->\n<div  class=\"module module-layout-part tb_80nz749 \">\n    <div class=\"tb_layout_part_wrap tf_w\"><!--themify_builder_content-->\n    <div  class=\"themify_builder_content themify_builder_content-481 themify_builder not_editable_builder in_the_loop\" data-postid=\"481\">\n        \t\t\t<!-- module_row -->\n\t<div  data-lazy=\"1\" class=\"module_row themify_builder_row tb_xfye813 tf_w tf_clearfix\">\n\t    \t\t\t<div class=\"row_inner col_align_top tb_col_count_3 tf_box tf_rel\">\n\t\t            <div  data-lazy=\"1\" class=\"module_column tb-column col3-1 tb_7xpw813 first\">\n                                                        <div class=\"tb-column-inner tf_box tf_w\">\n                        <!-- module image -->\n<div  class=\"module module-image tb_rkue813 rounded drop-shadow bordered  image-top tf_mw\" data-lazy=\"1\">\n        <div class=\"image-wrap tf_rel tf_mw\">\n\t\t    <img src=\"https:\/\/asatools.hr\/wp-content\/uploads\/2023\/03\/sonda.jpg\" class=\"wp-post-image wp-image-477\" title=\"sonda\" alt=\"sonda\">\t\n\t\t<\/div>\n\t<!-- \/image-wrap -->\n    \n    \t<\/div>\n<!-- \/module image -->                    <\/div>\n                            <\/div>\n                        <div  data-lazy=\"1\" class=\"module_column tb-column col3-1 tb_2x45813\">\n                                                        <div class=\"tb-column-inner tf_box tf_w\">\n                        <!-- module image -->\n<div  class=\"module module-image tb_lrzr813 rounded drop-shadow bordered  image-center tf_mw\" data-lazy=\"1\">\n        <div class=\"image-wrap tf_rel tf_mw\">\n\t\t    <img src=\"https:\/\/asatools.hr\/wp-content\/uploads\/2023\/03\/TASSELLO-C1.jpg\" width=\"300\" class=\"wp-post-image wp-image-473\" title=\"TASSELLO-C1\" alt=\"TASSELLO-C1\" srcset=\"https:\/\/asatools.hr\/wp-content\/uploads\/2023\/03\/TASSELLO-C1.jpg 768w, https:\/\/asatools.hr\/wp-content\/uploads\/2023\/03\/TASSELLO-C1-300x225.jpg 300w\" sizes=\"(max-width: 768px) 100vw, 768px\" \/>\t\n\t\t<\/div>\n\t<!-- \/image-wrap -->\n    \n    \t<\/div>\n<!-- \/module image -->                    <\/div>\n                            <\/div>\n                        <div  data-lazy=\"1\" class=\"module_column tb-column col3-1 tb_cpq1813 last\">\n                                                        <div class=\"tb-column-inner tf_box tf_w\">\n                        <!-- module image -->\n<div  class=\"module module-image tb_mryd813 rounded drop-shadow bordered  image-top tf_mw\" data-lazy=\"1\">\n        <div class=\"image-wrap tf_rel tf_mw\">\n\t\t    <img src=\"https:\/\/asatools.hr\/wp-content\/uploads\/2023\/03\/QUOTE-PIN.jpg\" width=\"300\" class=\"wp-post-image wp-image-475\" title=\"QUOTE-PIN\" alt=\"QUOTE-PIN\" srcset=\"https:\/\/asatools.hr\/wp-content\/uploads\/2023\/03\/QUOTE-PIN.jpg 768w, https:\/\/asatools.hr\/wp-content\/uploads\/2023\/03\/QUOTE-PIN-300x225.jpg 300w\" sizes=\"(max-width: 768px) 100vw, 768px\" \/>\t\n\t\t<\/div>\n\t<!-- \/image-wrap -->\n    \n    \t<\/div>\n<!-- \/module image -->                    <\/div>\n                            <\/div>\n            \t    <\/div>\n\t    <!-- \/row_inner -->\n\t<\/div>\n\t<!-- \/module_row -->\n\t    <\/div>\n<!--\/themify_builder_content--><\/div>\n<\/div>\n<!-- \/module template_part -->                    <\/div>\n                            <\/div>\n            \t    <\/div>\n\t    <!-- \/row_inner -->\n\t<\/div>\n\t<!-- \/module_row -->\n\t<\/div>\n<!--\/themify_builder_content-->","protected":false},"excerpt":{"rendered":"<p>Jako\u015b\u0107 Ko\u0144cowy produkt podlega rygorystycznym testom jako\u015bci w celu sprawdzenia I zapewnienia najwy\u017cszych standard\u00f3w z zakresie formy, wymiar\u00f3w I jako\u015bci materia\u0142u. Kontrola jako\u015bci jest zawsze ostatnim etapem ka\u017cdego projektu I gwarantuje dostarczenie klientowi najwy\u017cszej jako\u015bci produkt\u00f3w.<\/p>\n","protected":false},"author":1,"featured_media":0,"parent":0,"menu_order":0,"comment_status":"closed","ping_status":"closed","template":"","meta":[],"builder_content":"<h1>Jako\u015b\u0107<\/h1>\n<p>Ko\u0144cowy produkt podlega rygorystycznym testom jako\u015bci w celu sprawdzenia I zapewnienia najwy\u017cszych standard\u00f3w z zakresie formy, wymiar\u00f3w I jako\u015bci materia\u0142u.<br><br>Kontrola jako\u015bci jest zawsze ostatnim etapem ka\u017cdego projektu I gwarantuje dostarczenie klientowi najwy\u017cszej jako\u015bci produkt\u00f3w.<\/p>\n<img src=\"https:\/\/asatools.hr\/wp-content\/uploads\/2023\/03\/Picture34.jpg\" width=\"200\" title=\"Picture34\" alt=\"Picture34\" srcset=\"https:\/\/asatools.hr\/wp-content\/uploads\/2023\/03\/Picture34.jpg 608w, https:\/\/asatools.hr\/wp-content\/uploads\/2023\/03\/Picture34-300x192.jpg 300w\" sizes=\"(max-width: 608px) 100vw, 608px\" \/> \n <img src=\"https:\/\/asatools.hr\/wp-content\/uploads\/2023\/03\/Picture36.png\" width=\"330\" title=\"Picture36\" alt=\"Picture36\" srcset=\"https:\/\/asatools.hr\/wp-content\/uploads\/2023\/03\/Picture36.png 380w, https:\/\/asatools.hr\/wp-content\/uploads\/2023\/03\/Picture36-300x209.png 300w\" sizes=\"(max-width: 380px) 100vw, 380px\" \/> \n <img src=\"https:\/\/asatools.hr\/wp-content\/uploads\/2023\/03\/Picture37.jpg\" width=\"260\" title=\"Picture37\" alt=\"Picture37\" srcset=\"https:\/\/asatools.hr\/wp-content\/uploads\/2023\/03\/Picture37.jpg 383w, https:\/\/asatools.hr\/wp-content\/uploads\/2023\/03\/Picture37-300x233.jpg 300w\" sizes=\"(max-width: 383px) 100vw, 383px\" \/> \n <img src=\"https:\/\/asatools.hr\/wp-content\/uploads\/2023\/03\/Picture38.jpg\" width=\"400\" title=\"Picture38\" alt=\"Picture38\" srcset=\"https:\/\/asatools.hr\/wp-content\/uploads\/2023\/03\/Picture38.jpg 637w, https:\/\/asatools.hr\/wp-content\/uploads\/2023\/03\/Picture38-300x156.jpg 300w\" sizes=\"(max-width: 637px) 100vw, 637px\" \/>\n<img src=\"https:\/\/asatools.hr\/wp-content\/uploads\/2023\/03\/sonda.jpg\" title=\"sonda\" alt=\"sonda\"> \n <img src=\"https:\/\/asatools.hr\/wp-content\/uploads\/2023\/03\/TASSELLO-C1.jpg\" width=\"300\" title=\"TASSELLO-C1\" alt=\"TASSELLO-C1\" srcset=\"https:\/\/asatools.hr\/wp-content\/uploads\/2023\/03\/TASSELLO-C1.jpg 768w, https:\/\/asatools.hr\/wp-content\/uploads\/2023\/03\/TASSELLO-C1-300x225.jpg 300w\" sizes=\"(max-width: 768px) 100vw, 768px\" \/> \n <img src=\"https:\/\/asatools.hr\/wp-content\/uploads\/2023\/03\/QUOTE-PIN.jpg\" width=\"300\" title=\"QUOTE-PIN\" alt=\"QUOTE-PIN\" srcset=\"https:\/\/asatools.hr\/wp-content\/uploads\/2023\/03\/QUOTE-PIN.jpg 768w, https:\/\/asatools.hr\/wp-content\/uploads\/2023\/03\/QUOTE-PIN-300x225.jpg 300w\" sizes=\"(max-width: 768px) 100vw, 768px\" \/>","_links":{"self":[{"href":"https:\/\/asatools.hr\/index.php\/wp-json\/wp\/v2\/pages\/189"}],"collection":[{"href":"https:\/\/asatools.hr\/index.php\/wp-json\/wp\/v2\/pages"}],"about":[{"href":"https:\/\/asatools.hr\/index.php\/wp-json\/wp\/v2\/types\/page"}],"author":[{"embeddable":true,"href":"https:\/\/asatools.hr\/index.php\/wp-json\/wp\/v2\/users\/1"}],"replies":[{"embeddable":true,"href":"https:\/\/asatools.hr\/index.php\/wp-json\/wp\/v2\/comments?post=189"}],"version-history":[{"count":3,"href":"https:\/\/asatools.hr\/index.php\/wp-json\/wp\/v2\/pages\/189\/revisions"}],"predecessor-version":[{"id":563,"href":"https:\/\/asatools.hr\/index.php\/wp-json\/wp\/v2\/pages\/189\/revisions\/563"}],"wp:attachment":[{"href":"https:\/\/asatools.hr\/index.php\/wp-json\/wp\/v2\/media?parent=189"}],"curies":[{"name":"wp","href":"https:\/\/api.w.org\/{rel}","templated":true}]}}