{"id":185,"date":"2023-03-21T09:24:53","date_gmt":"2023-03-21T09:24:53","guid":{"rendered":"https:\/\/asatools.hr\/?page_id=185"},"modified":"2023-03-30T10:27:13","modified_gmt":"2023-03-30T10:27:13","slug":"podzial-matryc-obrotowych","status":"publish","type":"page","link":"https:\/\/asatools.hr\/index.php\/pl\/podzial-matryc-obrotowych\/","title":{"rendered":"Dzia\u0142 matryc rotacyjnych"},"content":{"rendered":"<!--themify_builder_content-->\n<div id=\"themify_builder_content-185\" data-postid=\"185\" class=\"themify_builder_content themify_builder_content-185 themify_builder tf_clear\">\n    \t\t\t<!-- module_row -->\n\t<div  data-lazy=\"1\" class=\"module_row themify_builder_row tb_qsl7486 tb_first tf_w tf_clearfix\">\n\t    \t\t\t<div class=\"row_inner col_align_top tb_col_count_1 tf_box tf_rel\">\n\t\t            <div  data-lazy=\"1\" class=\"module_column tb-column col-full tb_2kw0487 first\">\n                                                        <div class=\"tb-column-inner tf_box tf_w\">\n                        <!-- module text -->\n<div  class=\"module module-text tb_bsxw955   \" data-lazy=\"1\">\n        <div  class=\"tb_text_wrap\">\n    <h1>Dzia\u0142 matryc rotacyjnych<\/h1>    <\/div>\n<\/div>\n<!-- \/module text -->                    <\/div>\n                            <\/div>\n            \t    <\/div>\n\t    <!-- \/row_inner -->\n\t<\/div>\n\t<!-- \/module_row -->\n\t\t\t\t<!-- module_row -->\n\t<div  data-lazy=\"1\" class=\"module_row themify_builder_row tb_0byu527 tf_w tf_clearfix\">\n\t    \t\t\t<div class=\"row_inner col_align_top tb_col_count_1 tf_box tf_rel\">\n\t\t            <div  data-lazy=\"1\" class=\"module_column tb-column col-full tb_jay8527 first\">\n                                                        <div class=\"tb-column-inner tf_box tf_w\">\n                        <!-- module text -->\n<div  class=\"module module-text tb_dj06154   \" data-lazy=\"1\">\n        <div  class=\"tb_text_wrap\">\n    <p>Asa tools i Ultrasystem produkuje wykrojniki rotacyjne w skompueryzowanym systemie, dzi\u0119ki czemu produkt ko\u0144cowy jest niezwykle precyzyjny I twa\u0142y.<\/p>\n<p>Rodzaje produkowanych wykrojnik\u00f3w rotacyjnych:<\/p>\n<ul>\n<li>matryce rotacyjne do produkcji produktow higieny osobistej (podpasek, pieluch dla dzieci I doros\u0142ych, mokrych I suchych chusteczek, plastr\u00f3w)<\/li>\n<li>cylindry klej\u0105ce do zgrzewania<\/li>\n<li>cylindry klej\u0105ce do ultrad\u017awi\u0119kowego zgrzewania<\/li>\n<li>kompletne grupy do wycinania I wyt\u0142aczania<\/li>\n<\/ul>    <\/div>\n<\/div>\n<!-- \/module text -->                    <\/div>\n                            <\/div>\n            \t    <\/div>\n\t    <!-- \/row_inner -->\n\t<\/div>\n\t<!-- \/module_row -->\n\t\t\t\t<!-- module_row -->\n\t<div  data-lazy=\"1\" class=\"module_row themify_builder_row tb_bvw0552 tf_w tf_clearfix\">\n\t    \t\t\t<div class=\"row_inner col_align_top tb_col_count_1 tf_box tf_rel\">\n\t\t            <div  data-lazy=\"1\" class=\"module_column tb-column col-full tb_x949552 first\">\n                                                        <div class=\"tb-column-inner tf_box tf_w\">\n                        <!-- module text -->\n<div  class=\"module module-text tb_19qa738   \" data-lazy=\"1\">\n        <div  class=\"tb_text_wrap\">\n    <h5 class=\"Standard\" style=\"margin-bottom: 0cm; line-height: normal; text-align: center;\">Prace w dziale matryc rotacyjnych<\/h5>    <\/div>\n<\/div>\n<!-- \/module text -->                    <\/div>\n                            <\/div>\n            \t    <\/div>\n\t    <!-- \/row_inner -->\n\t<\/div>\n\t<!-- \/module_row -->\n\t\t\t\t<!-- module_row -->\n\t<div  data-lazy=\"1\" class=\"module_row themify_builder_row tb_che4628 tf_w tf_clearfix\">\n\t    \t\t\t<div class=\"row_inner col_align_top tb_col_count_1 tf_box tf_rel\">\n\t\t            <div  data-lazy=\"1\" class=\"module_column tb-column col-full tb_fzfd628 first\">\n                                                        <div class=\"tb-column-inner tf_box tf_w\">\n                        <!-- module template_part -->\n<div  class=\"module module-layout-part tb_rv8z907 \">\n    <div class=\"tb_layout_part_wrap tf_w\"><!--themify_builder_content-->\n    <div  class=\"themify_builder_content themify_builder_content-490 themify_builder not_editable_builder in_the_loop\" data-postid=\"490\">\n        \t\t\t<!-- module_row -->\n\t<div  data-lazy=\"1\" class=\"module_row themify_builder_row tb_04mu484 tf_w tf_clearfix\">\n\t    \t\t\t<div class=\"row_inner col_align_top tb_col_count_3 tf_box tf_rel\">\n\t\t            <div  data-lazy=\"1\" class=\"module_column tb-column col3-1 tb_q4r8484 first\">\n                                                        <div class=\"tb-column-inner tf_box tf_w\">\n                        <!-- module image -->\n<div  class=\"module module-image tb_q6wg484 rounded drop-shadow bordered  image-center tf_mw\" data-lazy=\"1\">\n        <div class=\"image-wrap tf_rel tf_mw\">\n\t\t    <img src=\"https:\/\/asatools.hr\/wp-content\/uploads\/2023\/03\/Picture55.jpg\" width=\"500\" class=\"wp-post-image wp-image-336\" title=\"Picture55\" alt=\"Picture55\" srcset=\"https:\/\/asatools.hr\/wp-content\/uploads\/2023\/03\/Picture55.jpg 1238w, https:\/\/asatools.hr\/wp-content\/uploads\/2023\/03\/Picture55-300x210.jpg 300w, https:\/\/asatools.hr\/wp-content\/uploads\/2023\/03\/Picture55-1024x716.jpg 1024w, https:\/\/asatools.hr\/wp-content\/uploads\/2023\/03\/Picture55-768x537.jpg 768w\" sizes=\"(max-width: 1238px) 100vw, 1238px\" \/>\t\n\t\t<\/div>\n\t<!-- \/image-wrap -->\n    \n    \t<\/div>\n<!-- \/module image -->                    <\/div>\n                            <\/div>\n                        <div  data-lazy=\"1\" class=\"module_column tb-column col3-1 tb_4pay484\">\n                                                        <div class=\"tb-column-inner tf_box tf_w\">\n                        <!-- module image -->\n<div  class=\"module module-image tb_vvbq484 rounded drop-shadow bordered  image-center tf_mw\" data-lazy=\"1\">\n        <div class=\"image-wrap tf_rel tf_mw\">\n\t\t    <img src=\"https:\/\/asatools.hr\/wp-content\/uploads\/2023\/03\/Picture61-2.jpg\" width=\"500\" class=\"wp-post-image wp-image-342\" title=\"Picture61-2\" alt=\"Picture61-2\" srcset=\"https:\/\/asatools.hr\/wp-content\/uploads\/2023\/03\/Picture61-2.jpg 800w, https:\/\/asatools.hr\/wp-content\/uploads\/2023\/03\/Picture61-2-300x225.jpg 300w, https:\/\/asatools.hr\/wp-content\/uploads\/2023\/03\/Picture61-2-768x576.jpg 768w\" sizes=\"(max-width: 800px) 100vw, 800px\" \/>\t\n\t\t<\/div>\n\t<!-- \/image-wrap -->\n    \n    \t<\/div>\n<!-- \/module image -->                    <\/div>\n                            <\/div>\n                        <div  data-lazy=\"1\" class=\"module_column tb-column col3-1 tb_r6pw484 last\">\n                                                        <div class=\"tb-column-inner tf_box tf_w\">\n                        <!-- module image -->\n<div  class=\"module module-image tb_2oly484 rounded drop-shadow bordered  image-center tf_mw\" data-lazy=\"1\">\n        <div class=\"image-wrap tf_rel tf_mw\">\n\t\t    <img src=\"https:\/\/asatools.hr\/wp-content\/uploads\/2023\/03\/Picture58.jpg\" width=\"500\" class=\"wp-post-image wp-image-339\" title=\"Picture58\" alt=\"Picture58\" srcset=\"https:\/\/asatools.hr\/wp-content\/uploads\/2023\/03\/Picture58.jpg 1306w, https:\/\/asatools.hr\/wp-content\/uploads\/2023\/03\/Picture58-300x214.jpg 300w, https:\/\/asatools.hr\/wp-content\/uploads\/2023\/03\/Picture58-1024x731.jpg 1024w, https:\/\/asatools.hr\/wp-content\/uploads\/2023\/03\/Picture58-768x548.jpg 768w\" sizes=\"(max-width: 1306px) 100vw, 1306px\" \/>\t\n\t\t<\/div>\n\t<!-- \/image-wrap -->\n    \n    \t<\/div>\n<!-- \/module image -->                    <\/div>\n                            <\/div>\n            \t    <\/div>\n\t    <!-- \/row_inner -->\n\t<\/div>\n\t<!-- \/module_row -->\n\t    <\/div>\n<!--\/themify_builder_content--><\/div>\n<\/div>\n<!-- \/module template_part --><!-- module template_part -->\n<div  class=\"module module-layout-part tb_4fon150 \">\n    <div class=\"tb_layout_part_wrap tf_w\"><!--themify_builder_content-->\n    <div  class=\"themify_builder_content themify_builder_content-490 themify_builder not_editable_builder in_the_loop\" data-postid=\"490\">\n        \t\t\t<!-- module_row -->\n\t<div  data-lazy=\"1\" class=\"module_row themify_builder_row tb_04mu484 tf_w tf_clearfix\">\n\t    \t\t\t<div class=\"row_inner col_align_top tb_col_count_3 tf_box tf_rel\">\n\t\t            <div  data-lazy=\"1\" class=\"module_column tb-column col3-1 tb_q4r8484 first\">\n                                                        <div class=\"tb-column-inner tf_box tf_w\">\n                        <!-- module image -->\n<div  class=\"module module-image tb_q6wg484 rounded drop-shadow bordered  image-center tf_mw\" data-lazy=\"1\">\n        <div class=\"image-wrap tf_rel tf_mw\">\n\t\t    <img src=\"https:\/\/asatools.hr\/wp-content\/uploads\/2023\/03\/Picture55.jpg\" width=\"500\" class=\"wp-post-image wp-image-336\" title=\"Picture55\" alt=\"Picture55\" srcset=\"https:\/\/asatools.hr\/wp-content\/uploads\/2023\/03\/Picture55.jpg 1238w, https:\/\/asatools.hr\/wp-content\/uploads\/2023\/03\/Picture55-300x210.jpg 300w, https:\/\/asatools.hr\/wp-content\/uploads\/2023\/03\/Picture55-1024x716.jpg 1024w, https:\/\/asatools.hr\/wp-content\/uploads\/2023\/03\/Picture55-768x537.jpg 768w\" sizes=\"(max-width: 1238px) 100vw, 1238px\" \/>\t\n\t\t<\/div>\n\t<!-- \/image-wrap -->\n    \n    \t<\/div>\n<!-- \/module image -->                    <\/div>\n                            <\/div>\n                        <div  data-lazy=\"1\" class=\"module_column tb-column col3-1 tb_4pay484\">\n                                                        <div class=\"tb-column-inner tf_box tf_w\">\n                        <!-- module image -->\n<div  class=\"module module-image tb_vvbq484 rounded drop-shadow bordered  image-center tf_mw\" data-lazy=\"1\">\n        <div class=\"image-wrap tf_rel tf_mw\">\n\t\t    <img src=\"https:\/\/asatools.hr\/wp-content\/uploads\/2023\/03\/Picture61-2.jpg\" width=\"500\" class=\"wp-post-image wp-image-342\" title=\"Picture61-2\" alt=\"Picture61-2\" srcset=\"https:\/\/asatools.hr\/wp-content\/uploads\/2023\/03\/Picture61-2.jpg 800w, https:\/\/asatools.hr\/wp-content\/uploads\/2023\/03\/Picture61-2-300x225.jpg 300w, https:\/\/asatools.hr\/wp-content\/uploads\/2023\/03\/Picture61-2-768x576.jpg 768w\" sizes=\"(max-width: 800px) 100vw, 800px\" \/>\t\n\t\t<\/div>\n\t<!-- \/image-wrap -->\n    \n    \t<\/div>\n<!-- \/module image -->                    <\/div>\n                            <\/div>\n                        <div  data-lazy=\"1\" class=\"module_column tb-column col3-1 tb_r6pw484 last\">\n                                                        <div class=\"tb-column-inner tf_box tf_w\">\n                        <!-- module image -->\n<div  class=\"module module-image tb_2oly484 rounded drop-shadow bordered  image-center tf_mw\" data-lazy=\"1\">\n        <div class=\"image-wrap tf_rel tf_mw\">\n\t\t    <img src=\"https:\/\/asatools.hr\/wp-content\/uploads\/2023\/03\/Picture58.jpg\" width=\"500\" class=\"wp-post-image wp-image-339\" title=\"Picture58\" alt=\"Picture58\" srcset=\"https:\/\/asatools.hr\/wp-content\/uploads\/2023\/03\/Picture58.jpg 1306w, https:\/\/asatools.hr\/wp-content\/uploads\/2023\/03\/Picture58-300x214.jpg 300w, https:\/\/asatools.hr\/wp-content\/uploads\/2023\/03\/Picture58-1024x731.jpg 1024w, https:\/\/asatools.hr\/wp-content\/uploads\/2023\/03\/Picture58-768x548.jpg 768w\" sizes=\"(max-width: 1306px) 100vw, 1306px\" \/>\t\n\t\t<\/div>\n\t<!-- \/image-wrap -->\n    \n    \t<\/div>\n<!-- \/module image -->                    <\/div>\n                            <\/div>\n            \t    <\/div>\n\t    <!-- \/row_inner -->\n\t<\/div>\n\t<!-- \/module_row -->\n\t    <\/div>\n<!--\/themify_builder_content--><\/div>\n<\/div>\n<!-- \/module template_part -->                    <\/div>\n                            <\/div>\n            \t    <\/div>\n\t    <!-- \/row_inner -->\n\t<\/div>\n\t<!-- \/module_row -->\n\t\t\t\t<!-- module_row -->\n\t<div  data-lazy=\"1\" class=\"module_row themify_builder_row tb_p6f1514 tf_w tf_clearfix\">\n\t    \t\t\t<div class=\"row_inner col_align_top tb_col_count_1 tf_box tf_rel\">\n\t\t            <div  data-lazy=\"1\" class=\"module_column tb-column col-full tb_it0p514 first\">\n                                                        <div class=\"tb-column-inner tf_box tf_w\">\n                        <!-- module template_part -->\n<div  class=\"module module-layout-part tb_2pro920 \">\n    <div class=\"tb_layout_part_wrap tf_w\"><!--themify_builder_content-->\n    <div  class=\"themify_builder_content themify_builder_content-492 themify_builder not_editable_builder in_the_loop\" data-postid=\"492\">\n        \t\t\t<!-- module_row -->\n\t<div  data-lazy=\"1\" class=\"module_row themify_builder_row tb_sli767 tf_w tf_clearfix\">\n\t    \t\t\t<div class=\"row_inner col_align_top tb_col_count_3 tf_box tf_rel\">\n\t\t            <div  data-lazy=\"1\" class=\"module_column tb-column col3-1 tb_aelg67 first\">\n                                                        <div class=\"tb-column-inner tf_box tf_w\">\n                        <!-- module image -->\n<div  class=\"module module-image tb_6vis67 rounded drop-shadow bordered  image-center tf_mw\" data-lazy=\"1\">\n        <div class=\"image-wrap tf_rel tf_mw\">\n\t\t    <img src=\"https:\/\/asatools.hr\/wp-content\/uploads\/2023\/03\/Picture60.png\" width=\"500\" class=\"wp-post-image wp-image-341\" title=\"Picture60\" alt=\"Picture60\" srcset=\"https:\/\/asatools.hr\/wp-content\/uploads\/2023\/03\/Picture60.png 352w, https:\/\/asatools.hr\/wp-content\/uploads\/2023\/03\/Picture60-274x300.png 274w\" sizes=\"(max-width: 352px) 100vw, 352px\" \/>\t\n\t\t<\/div>\n\t<!-- \/image-wrap -->\n    \n    \t<\/div>\n<!-- \/module image -->                    <\/div>\n                            <\/div>\n                        <div  data-lazy=\"1\" class=\"module_column tb-column col3-1 tb_kmur67\">\n                                                        <div class=\"tb-column-inner tf_box tf_w\">\n                        <!-- module image -->\n<div  class=\"module module-image tb_2dwf67 rounded drop-shadow bordered  image-center tf_mw\" data-lazy=\"1\">\n        <div class=\"image-wrap tf_rel tf_mw\">\n\t\t    <img src=\"https:\/\/asatools.hr\/wp-content\/uploads\/2023\/03\/Picture57.jpg\" width=\"500\" class=\"wp-post-image wp-image-338\" title=\"Picture57\" alt=\"Picture57\" srcset=\"https:\/\/asatools.hr\/wp-content\/uploads\/2023\/03\/Picture57.jpg 867w, https:\/\/asatools.hr\/wp-content\/uploads\/2023\/03\/Picture57-200x300.jpg 200w, https:\/\/asatools.hr\/wp-content\/uploads\/2023\/03\/Picture57-683x1024.jpg 683w, https:\/\/asatools.hr\/wp-content\/uploads\/2023\/03\/Picture57-768x1152.jpg 768w\" sizes=\"(max-width: 867px) 100vw, 867px\" \/>\t\n\t\t<\/div>\n\t<!-- \/image-wrap -->\n    \n    \t<\/div>\n<!-- \/module image -->                    <\/div>\n                            <\/div>\n                        <div  data-lazy=\"1\" class=\"module_column tb-column col3-1 tb_ohol67 last\">\n                                                        <div class=\"tb-column-inner tf_box tf_w\">\n                        <!-- module image -->\n<div  class=\"module module-image tb_83uk67 rounded drop-shadow bordered  image-center tf_mw\" data-lazy=\"1\">\n        <div class=\"image-wrap tf_rel tf_mw\">\n\t\t    <img src=\"https:\/\/asatools.hr\/wp-content\/uploads\/2023\/03\/Picture56.jpg\" width=\"500\" class=\"wp-post-image wp-image-337\" title=\"Picture56\" alt=\"Picture56\" srcset=\"https:\/\/asatools.hr\/wp-content\/uploads\/2023\/03\/Picture56.jpg 1014w, https:\/\/asatools.hr\/wp-content\/uploads\/2023\/03\/Picture56-245x300.jpg 245w, https:\/\/asatools.hr\/wp-content\/uploads\/2023\/03\/Picture56-835x1024.jpg 835w, https:\/\/asatools.hr\/wp-content\/uploads\/2023\/03\/Picture56-768x941.jpg 768w\" sizes=\"(max-width: 1014px) 100vw, 1014px\" \/>\t\n\t\t<\/div>\n\t<!-- \/image-wrap -->\n    \n    \t<\/div>\n<!-- \/module image -->                    <\/div>\n                            <\/div>\n            \t    <\/div>\n\t    <!-- \/row_inner -->\n\t<\/div>\n\t<!-- \/module_row -->\n\t    <\/div>\n<!--\/themify_builder_content--><\/div>\n<\/div>\n<!-- \/module template_part -->                    <\/div>\n                            <\/div>\n            \t    <\/div>\n\t    <!-- \/row_inner -->\n\t<\/div>\n\t<!-- \/module_row -->\n\t<\/div>\n<!--\/themify_builder_content-->","protected":false},"excerpt":{"rendered":"<p>Dzia\u0142 matryc rotacyjnych Asa tools i Ultrasystem produkuje wykrojniki rotacyjne w skompueryzowanym systemie, dzi\u0119ki czemu produkt ko\u0144cowy jest niezwykle precyzyjny I twa\u0142y. Rodzaje produkowanych wykrojnik\u00f3w rotacyjnych: matryce rotacyjne do produkcji produktow higieny osobistej (podpasek, pieluch dla dzieci I doros\u0142ych, mokrych I suchych chusteczek, plastr\u00f3w) cylindry klej\u0105ce do zgrzewania cylindry klej\u0105ce do ultrad\u017awi\u0119kowego zgrzewania kompletne grupy [&hellip;]<\/p>\n","protected":false},"author":1,"featured_media":0,"parent":0,"menu_order":0,"comment_status":"closed","ping_status":"closed","template":"","meta":[],"builder_content":"<h1>Dzia\u0142 matryc rotacyjnych<\/h1>\n<p>Asa tools i Ultrasystem produkuje wykrojniki rotacyjne w skompueryzowanym systemie, dzi\u0119ki czemu produkt ko\u0144cowy jest niezwykle precyzyjny I twa\u0142y.<\/p> <p>Rodzaje produkowanych wykrojnik\u00f3w rotacyjnych:<\/p> <ul> <li>matryce rotacyjne do produkcji produktow higieny osobistej (podpasek, pieluch dla dzieci I doros\u0142ych, mokrych I suchych chusteczek, plastr\u00f3w)<\/li> <li>cylindry klej\u0105ce do zgrzewania<\/li> <li>cylindry klej\u0105ce do ultrad\u017awi\u0119kowego zgrzewania<\/li> <li>kompletne grupy do wycinania I wyt\u0142aczania<\/li> <\/ul>\n<h5 style=\"margin-bottom: 0cm; line-height: normal; text-align: center;\">Prace w dziale matryc rotacyjnych<\/h5>\n<img src=\"https:\/\/asatools.hr\/wp-content\/uploads\/2023\/03\/Picture55.jpg\" width=\"500\" title=\"Picture55\" alt=\"Picture55\" srcset=\"https:\/\/asatools.hr\/wp-content\/uploads\/2023\/03\/Picture55.jpg 1238w, https:\/\/asatools.hr\/wp-content\/uploads\/2023\/03\/Picture55-300x210.jpg 300w, https:\/\/asatools.hr\/wp-content\/uploads\/2023\/03\/Picture55-1024x716.jpg 1024w, https:\/\/asatools.hr\/wp-content\/uploads\/2023\/03\/Picture55-768x537.jpg 768w\" sizes=\"(max-width: 1238px) 100vw, 1238px\" \/> \n <img src=\"https:\/\/asatools.hr\/wp-content\/uploads\/2023\/03\/Picture61-2.jpg\" width=\"500\" title=\"Picture61-2\" alt=\"Picture61-2\" srcset=\"https:\/\/asatools.hr\/wp-content\/uploads\/2023\/03\/Picture61-2.jpg 800w, https:\/\/asatools.hr\/wp-content\/uploads\/2023\/03\/Picture61-2-300x225.jpg 300w, https:\/\/asatools.hr\/wp-content\/uploads\/2023\/03\/Picture61-2-768x576.jpg 768w\" sizes=\"(max-width: 800px) 100vw, 800px\" \/> \n <img src=\"https:\/\/asatools.hr\/wp-content\/uploads\/2023\/03\/Picture58.jpg\" width=\"500\" title=\"Picture58\" alt=\"Picture58\" srcset=\"https:\/\/asatools.hr\/wp-content\/uploads\/2023\/03\/Picture58.jpg 1306w, https:\/\/asatools.hr\/wp-content\/uploads\/2023\/03\/Picture58-300x214.jpg 300w, https:\/\/asatools.hr\/wp-content\/uploads\/2023\/03\/Picture58-1024x731.jpg 1024w, https:\/\/asatools.hr\/wp-content\/uploads\/2023\/03\/Picture58-768x548.jpg 768w\" sizes=\"(max-width: 1306px) 100vw, 1306px\" \/>\n<img src=\"https:\/\/asatools.hr\/wp-content\/uploads\/2023\/03\/Picture55.jpg\" width=\"500\" title=\"Picture55\" alt=\"Picture55\" srcset=\"https:\/\/asatools.hr\/wp-content\/uploads\/2023\/03\/Picture55.jpg 1238w, https:\/\/asatools.hr\/wp-content\/uploads\/2023\/03\/Picture55-300x210.jpg 300w, https:\/\/asatools.hr\/wp-content\/uploads\/2023\/03\/Picture55-1024x716.jpg 1024w, https:\/\/asatools.hr\/wp-content\/uploads\/2023\/03\/Picture55-768x537.jpg 768w\" sizes=\"(max-width: 1238px) 100vw, 1238px\" \/> \n <img src=\"https:\/\/asatools.hr\/wp-content\/uploads\/2023\/03\/Picture61-2.jpg\" width=\"500\" title=\"Picture61-2\" alt=\"Picture61-2\" srcset=\"https:\/\/asatools.hr\/wp-content\/uploads\/2023\/03\/Picture61-2.jpg 800w, https:\/\/asatools.hr\/wp-content\/uploads\/2023\/03\/Picture61-2-300x225.jpg 300w, https:\/\/asatools.hr\/wp-content\/uploads\/2023\/03\/Picture61-2-768x576.jpg 768w\" sizes=\"(max-width: 800px) 100vw, 800px\" \/> \n <img src=\"https:\/\/asatools.hr\/wp-content\/uploads\/2023\/03\/Picture58.jpg\" width=\"500\" title=\"Picture58\" alt=\"Picture58\" srcset=\"https:\/\/asatools.hr\/wp-content\/uploads\/2023\/03\/Picture58.jpg 1306w, https:\/\/asatools.hr\/wp-content\/uploads\/2023\/03\/Picture58-300x214.jpg 300w, https:\/\/asatools.hr\/wp-content\/uploads\/2023\/03\/Picture58-1024x731.jpg 1024w, https:\/\/asatools.hr\/wp-content\/uploads\/2023\/03\/Picture58-768x548.jpg 768w\" sizes=\"(max-width: 1306px) 100vw, 1306px\" \/>\n<img src=\"https:\/\/asatools.hr\/wp-content\/uploads\/2023\/03\/Picture60.png\" width=\"500\" title=\"Picture60\" alt=\"Picture60\" srcset=\"https:\/\/asatools.hr\/wp-content\/uploads\/2023\/03\/Picture60.png 352w, https:\/\/asatools.hr\/wp-content\/uploads\/2023\/03\/Picture60-274x300.png 274w\" sizes=\"(max-width: 352px) 100vw, 352px\" \/> \n <img src=\"https:\/\/asatools.hr\/wp-content\/uploads\/2023\/03\/Picture57.jpg\" width=\"500\" title=\"Picture57\" alt=\"Picture57\" srcset=\"https:\/\/asatools.hr\/wp-content\/uploads\/2023\/03\/Picture57.jpg 867w, https:\/\/asatools.hr\/wp-content\/uploads\/2023\/03\/Picture57-200x300.jpg 200w, https:\/\/asatools.hr\/wp-content\/uploads\/2023\/03\/Picture57-683x1024.jpg 683w, https:\/\/asatools.hr\/wp-content\/uploads\/2023\/03\/Picture57-768x1152.jpg 768w\" sizes=\"(max-width: 867px) 100vw, 867px\" \/> \n <img src=\"https:\/\/asatools.hr\/wp-content\/uploads\/2023\/03\/Picture56.jpg\" width=\"500\" title=\"Picture56\" alt=\"Picture56\" srcset=\"https:\/\/asatools.hr\/wp-content\/uploads\/2023\/03\/Picture56.jpg 1014w, https:\/\/asatools.hr\/wp-content\/uploads\/2023\/03\/Picture56-245x300.jpg 245w, https:\/\/asatools.hr\/wp-content\/uploads\/2023\/03\/Picture56-835x1024.jpg 835w, https:\/\/asatools.hr\/wp-content\/uploads\/2023\/03\/Picture56-768x941.jpg 768w\" sizes=\"(max-width: 1014px) 100vw, 1014px\" \/>","_links":{"self":[{"href":"https:\/\/asatools.hr\/index.php\/wp-json\/wp\/v2\/pages\/185"}],"collection":[{"href":"https:\/\/asatools.hr\/index.php\/wp-json\/wp\/v2\/pages"}],"about":[{"href":"https:\/\/asatools.hr\/index.php\/wp-json\/wp\/v2\/types\/page"}],"author":[{"embeddable":true,"href":"https:\/\/asatools.hr\/index.php\/wp-json\/wp\/v2\/users\/1"}],"replies":[{"embeddable":true,"href":"https:\/\/asatools.hr\/index.php\/wp-json\/wp\/v2\/comments?post=185"}],"version-history":[{"count":10,"href":"https:\/\/asatools.hr\/index.php\/wp-json\/wp\/v2\/pages\/185\/revisions"}],"predecessor-version":[{"id":581,"href":"https:\/\/asatools.hr\/index.php\/wp-json\/wp\/v2\/pages\/185\/revisions\/581"}],"wp:attachment":[{"href":"https:\/\/asatools.hr\/index.php\/wp-json\/wp\/v2\/media?parent=185"}],"curies":[{"name":"wp","href":"https:\/\/api.w.org\/{rel}","templated":true}]}}