{"id":178,"date":"2023-03-21T09:21:08","date_gmt":"2023-03-21T09:21:08","guid":{"rendered":"https:\/\/asatools.hr\/?page_id=178"},"modified":"2023-03-30T09:28:14","modified_gmt":"2023-03-30T09:28:14","slug":"delitev-rotacijskih-matric","status":"publish","type":"page","link":"https:\/\/asatools.hr\/index.php\/sl\/delitev-rotacijskih-matric\/","title":{"rendered":"Delitev rotacijskih matric"},"content":{"rendered":"<!--themify_builder_content-->\n<div id=\"themify_builder_content-178\" data-postid=\"178\" class=\"themify_builder_content themify_builder_content-178 themify_builder tf_clear\">\n    \t\t\t<!-- module_row -->\n\t<div  data-lazy=\"1\" class=\"module_row themify_builder_row tb_6hw8917 tb_first tf_w tf_clearfix\">\n\t    \t\t\t<div class=\"row_inner col_align_top tb_col_count_1 tf_box tf_rel\">\n\t\t            <div  data-lazy=\"1\" class=\"module_column tb-column col-full tb_jihg917 first\">\n                                                        <div class=\"tb-column-inner tf_box tf_w\">\n                        <!-- module text -->\n<div  class=\"module module-text tb_2kpk322   \" data-lazy=\"1\">\n        <div  class=\"tb_text_wrap\">\n    <h1>Delitev rotacijskih matric<\/h1>    <\/div>\n<\/div>\n<!-- \/module text -->                    <\/div>\n                            <\/div>\n            \t    <\/div>\n\t    <!-- \/row_inner -->\n\t<\/div>\n\t<!-- \/module_row -->\n\t\t\t\t<!-- module_row -->\n\t<div  data-lazy=\"1\" class=\"module_row themify_builder_row tb_uy8a739 tf_w tf_clearfix\">\n\t    \t\t\t<div class=\"row_inner col_align_top tb_col_count_1 tf_box tf_rel\">\n\t\t            <div  data-lazy=\"1\" class=\"module_column tb-column col-full tb_4jne740 first\">\n                                                        <div class=\"tb-column-inner tf_box tf_w\">\n                        <!-- module text -->\n<div  class=\"module module-text tb_6cpx673   \" data-lazy=\"1\">\n        <div  class=\"tb_text_wrap\">\n    <p>Rotacijske matrice se izdeluju z ra\u010dunalni\u0161ko podprtimi proizvodnimi sistemi, kar ima za posledico izjemno natan\u010den in dolgotrajen izdelek.<br><span style=\"background-color: initial; font-size: 1em;\"><br>Vrste proizvedenih rotacijskih matric:<br><\/span><\/p>\n<ul>\n<li><span style=\"background-color: initial; font-size: 1em;\">rotacijske matrice za izdelke za osebno higieno (higienski vlo\u017eki, plenice za dojen\u010dke in odrasle, suhi in vla\u017eni rob\u010dki, obli\u017ei)<\/span><\/li>\n<li><span style=\"background-color: initial; font-size: 1em;\">vezni cilindri za toplotno tesnjenje<\/span><\/li>\n<li><span style=\"background-color: initial; font-size: 1em;\">vezni cilindri za ultrazvo\u010dno tesnjenje<\/span><\/li>\n<li><span style=\"background-color: initial; font-size: 1em;\">kompletne skupine za rezanje in vtiskovanje.<\/span><\/li>\n<\/ul>    <\/div>\n<\/div>\n<!-- \/module text -->                    <\/div>\n                            <\/div>\n            \t    <\/div>\n\t    <!-- \/row_inner -->\n\t<\/div>\n\t<!-- \/module_row -->\n\t\t\t\t<!-- module_row -->\n\t<div  data-lazy=\"1\" class=\"module_row themify_builder_row tb_sln7100 tf_w tf_clearfix\">\n\t    \t\t\t<div class=\"row_inner col_align_top tb_col_count_1 tf_box tf_rel\">\n\t\t            <div  data-lazy=\"1\" class=\"module_column tb-column col-full tb_jjtk100 first\">\n                                                        <div class=\"tb-column-inner tf_box tf_w\">\n                        <!-- module text -->\n<div  class=\"module module-text tb_ef3m271   \" data-lazy=\"1\">\n        <div  class=\"tb_text_wrap\">\n    <h5 style=\"text-align: center;\">Nekateri na\u0161i izdelki v diviziji rotacijskih matric<\/h5>    <\/div>\n<\/div>\n<!-- \/module text -->                    <\/div>\n                            <\/div>\n            \t    <\/div>\n\t    <!-- \/row_inner -->\n\t<\/div>\n\t<!-- \/module_row -->\n\t\t\t\t<!-- module_row -->\n\t<div  data-lazy=\"1\" class=\"module_row themify_builder_row tb_jjx1801 tf_w tf_clearfix\">\n\t    \t\t\t<div class=\"row_inner col_align_top tb_col_count_1 tf_box tf_rel\">\n\t\t            <div  data-lazy=\"1\" class=\"module_column tb-column col-full tb_i30u801 first\">\n                                                        <div class=\"tb-column-inner tf_box tf_w\">\n                        <!-- module template_part -->\n<div  class=\"module module-layout-part tb_2895492 \">\n    <div class=\"tb_layout_part_wrap tf_w\"><!--themify_builder_content-->\n    <div  class=\"themify_builder_content themify_builder_content-490 themify_builder not_editable_builder in_the_loop\" data-postid=\"490\">\n        \t\t\t<!-- module_row -->\n\t<div  data-lazy=\"1\" class=\"module_row themify_builder_row tb_04mu484 tf_w tf_clearfix\">\n\t    \t\t\t<div class=\"row_inner col_align_top tb_col_count_3 tf_box tf_rel\">\n\t\t            <div  data-lazy=\"1\" class=\"module_column tb-column col3-1 tb_q4r8484 first\">\n                                                        <div class=\"tb-column-inner tf_box tf_w\">\n                        <!-- module image -->\n<div  class=\"module module-image tb_q6wg484 rounded drop-shadow bordered  image-center tf_mw\" data-lazy=\"1\">\n        <div class=\"image-wrap tf_rel tf_mw\">\n\t\t    <img src=\"https:\/\/asatools.hr\/wp-content\/uploads\/2023\/03\/Picture55.jpg\" width=\"500\" class=\"wp-post-image wp-image-336\" title=\"Picture55\" alt=\"Picture55\" srcset=\"https:\/\/asatools.hr\/wp-content\/uploads\/2023\/03\/Picture55.jpg 1238w, https:\/\/asatools.hr\/wp-content\/uploads\/2023\/03\/Picture55-300x210.jpg 300w, https:\/\/asatools.hr\/wp-content\/uploads\/2023\/03\/Picture55-1024x716.jpg 1024w, https:\/\/asatools.hr\/wp-content\/uploads\/2023\/03\/Picture55-768x537.jpg 768w\" sizes=\"(max-width: 1238px) 100vw, 1238px\" \/>\t\n\t\t<\/div>\n\t<!-- \/image-wrap -->\n    \n    \t<\/div>\n<!-- \/module image -->                    <\/div>\n                            <\/div>\n                        <div  data-lazy=\"1\" class=\"module_column tb-column col3-1 tb_4pay484\">\n                                                        <div class=\"tb-column-inner tf_box tf_w\">\n                        <!-- module image -->\n<div  class=\"module module-image tb_vvbq484 rounded drop-shadow bordered  image-center tf_mw\" data-lazy=\"1\">\n        <div class=\"image-wrap tf_rel tf_mw\">\n\t\t    <img src=\"https:\/\/asatools.hr\/wp-content\/uploads\/2023\/03\/Picture61-2.jpg\" width=\"500\" class=\"wp-post-image wp-image-342\" title=\"Picture61-2\" alt=\"Picture61-2\" srcset=\"https:\/\/asatools.hr\/wp-content\/uploads\/2023\/03\/Picture61-2.jpg 800w, https:\/\/asatools.hr\/wp-content\/uploads\/2023\/03\/Picture61-2-300x225.jpg 300w, https:\/\/asatools.hr\/wp-content\/uploads\/2023\/03\/Picture61-2-768x576.jpg 768w\" sizes=\"(max-width: 800px) 100vw, 800px\" \/>\t\n\t\t<\/div>\n\t<!-- \/image-wrap -->\n    \n    \t<\/div>\n<!-- \/module image -->                    <\/div>\n                            <\/div>\n                        <div  data-lazy=\"1\" class=\"module_column tb-column col3-1 tb_r6pw484 last\">\n                                                        <div class=\"tb-column-inner tf_box tf_w\">\n                        <!-- module image -->\n<div  class=\"module module-image tb_2oly484 rounded drop-shadow bordered  image-center tf_mw\" data-lazy=\"1\">\n        <div class=\"image-wrap tf_rel tf_mw\">\n\t\t    <img src=\"https:\/\/asatools.hr\/wp-content\/uploads\/2023\/03\/Picture58.jpg\" width=\"500\" class=\"wp-post-image wp-image-339\" title=\"Picture58\" alt=\"Picture58\" srcset=\"https:\/\/asatools.hr\/wp-content\/uploads\/2023\/03\/Picture58.jpg 1306w, https:\/\/asatools.hr\/wp-content\/uploads\/2023\/03\/Picture58-300x214.jpg 300w, https:\/\/asatools.hr\/wp-content\/uploads\/2023\/03\/Picture58-1024x731.jpg 1024w, https:\/\/asatools.hr\/wp-content\/uploads\/2023\/03\/Picture58-768x548.jpg 768w\" sizes=\"(max-width: 1306px) 100vw, 1306px\" \/>\t\n\t\t<\/div>\n\t<!-- \/image-wrap -->\n    \n    \t<\/div>\n<!-- \/module image -->                    <\/div>\n                            <\/div>\n            \t    <\/div>\n\t    <!-- \/row_inner -->\n\t<\/div>\n\t<!-- \/module_row -->\n\t    <\/div>\n<!--\/themify_builder_content--><\/div>\n<\/div>\n<!-- \/module template_part -->                    <\/div>\n                            <\/div>\n            \t    <\/div>\n\t    <!-- \/row_inner -->\n\t<\/div>\n\t<!-- \/module_row -->\n\t\t\t\t<!-- module_row -->\n\t<div  data-lazy=\"1\" class=\"module_row themify_builder_row tb_yd64344 tf_w tf_clearfix\">\n\t    \t\t\t<div class=\"row_inner col_align_top tb_col_count_1 tf_box tf_rel\">\n\t\t            <div  data-lazy=\"1\" class=\"module_column tb-column col-full tb_s7d7344 first\">\n                                                        <div class=\"tb-column-inner tf_box tf_w\">\n                        <!-- module template_part -->\n<div  class=\"module module-layout-part tb_tffj471 \">\n    <div class=\"tb_layout_part_wrap tf_w\"><!--themify_builder_content-->\n    <div  class=\"themify_builder_content themify_builder_content-492 themify_builder not_editable_builder in_the_loop\" data-postid=\"492\">\n        \t\t\t<!-- module_row -->\n\t<div  data-lazy=\"1\" class=\"module_row themify_builder_row tb_sli767 tf_w tf_clearfix\">\n\t    \t\t\t<div class=\"row_inner col_align_top tb_col_count_3 tf_box tf_rel\">\n\t\t            <div  data-lazy=\"1\" class=\"module_column tb-column col3-1 tb_aelg67 first\">\n                                                        <div class=\"tb-column-inner tf_box tf_w\">\n                        <!-- module image -->\n<div  class=\"module module-image tb_6vis67 rounded drop-shadow bordered  image-center tf_mw\" data-lazy=\"1\">\n        <div class=\"image-wrap tf_rel tf_mw\">\n\t\t    <img src=\"https:\/\/asatools.hr\/wp-content\/uploads\/2023\/03\/Picture60.png\" width=\"500\" class=\"wp-post-image wp-image-341\" title=\"Picture60\" alt=\"Picture60\" srcset=\"https:\/\/asatools.hr\/wp-content\/uploads\/2023\/03\/Picture60.png 352w, https:\/\/asatools.hr\/wp-content\/uploads\/2023\/03\/Picture60-274x300.png 274w\" sizes=\"(max-width: 352px) 100vw, 352px\" \/>\t\n\t\t<\/div>\n\t<!-- \/image-wrap -->\n    \n    \t<\/div>\n<!-- \/module image -->                    <\/div>\n                            <\/div>\n                        <div  data-lazy=\"1\" class=\"module_column tb-column col3-1 tb_kmur67\">\n                                                        <div class=\"tb-column-inner tf_box tf_w\">\n                        <!-- module image -->\n<div  class=\"module module-image tb_2dwf67 rounded drop-shadow bordered  image-center tf_mw\" data-lazy=\"1\">\n        <div class=\"image-wrap tf_rel tf_mw\">\n\t\t    <img src=\"https:\/\/asatools.hr\/wp-content\/uploads\/2023\/03\/Picture57.jpg\" width=\"500\" class=\"wp-post-image wp-image-338\" title=\"Picture57\" alt=\"Picture57\" srcset=\"https:\/\/asatools.hr\/wp-content\/uploads\/2023\/03\/Picture57.jpg 867w, https:\/\/asatools.hr\/wp-content\/uploads\/2023\/03\/Picture57-200x300.jpg 200w, https:\/\/asatools.hr\/wp-content\/uploads\/2023\/03\/Picture57-683x1024.jpg 683w, https:\/\/asatools.hr\/wp-content\/uploads\/2023\/03\/Picture57-768x1152.jpg 768w\" sizes=\"(max-width: 867px) 100vw, 867px\" \/>\t\n\t\t<\/div>\n\t<!-- \/image-wrap -->\n    \n    \t<\/div>\n<!-- \/module image -->                    <\/div>\n                            <\/div>\n                        <div  data-lazy=\"1\" class=\"module_column tb-column col3-1 tb_ohol67 last\">\n                                                        <div class=\"tb-column-inner tf_box tf_w\">\n                        <!-- module image -->\n<div  class=\"module module-image tb_83uk67 rounded drop-shadow bordered  image-center tf_mw\" data-lazy=\"1\">\n        <div class=\"image-wrap tf_rel tf_mw\">\n\t\t    <img src=\"https:\/\/asatools.hr\/wp-content\/uploads\/2023\/03\/Picture56.jpg\" width=\"500\" class=\"wp-post-image wp-image-337\" title=\"Picture56\" alt=\"Picture56\" srcset=\"https:\/\/asatools.hr\/wp-content\/uploads\/2023\/03\/Picture56.jpg 1014w, https:\/\/asatools.hr\/wp-content\/uploads\/2023\/03\/Picture56-245x300.jpg 245w, https:\/\/asatools.hr\/wp-content\/uploads\/2023\/03\/Picture56-835x1024.jpg 835w, https:\/\/asatools.hr\/wp-content\/uploads\/2023\/03\/Picture56-768x941.jpg 768w\" sizes=\"(max-width: 1014px) 100vw, 1014px\" \/>\t\n\t\t<\/div>\n\t<!-- \/image-wrap -->\n    \n    \t<\/div>\n<!-- \/module image -->                    <\/div>\n                            <\/div>\n            \t    <\/div>\n\t    <!-- \/row_inner -->\n\t<\/div>\n\t<!-- \/module_row -->\n\t    <\/div>\n<!--\/themify_builder_content--><\/div>\n<\/div>\n<!-- \/module template_part -->                    <\/div>\n                            <\/div>\n            \t    <\/div>\n\t    <!-- \/row_inner -->\n\t<\/div>\n\t<!-- \/module_row -->\n\t<\/div>\n<!--\/themify_builder_content-->","protected":false},"excerpt":{"rendered":"<p>Delitev rotacijskih matric Rotacijske matrice se izdeluju z ra\u010dunalni\u0161ko podprtimi proizvodnimi sistemi, kar ima za posledico izjemno natan\u010den in dolgotrajen izdelek. Vrste proizvedenih rotacijskih matric: rotacijske matrice za izdelke za osebno higieno (higienski vlo\u017eki, plenice za dojen\u010dke in odrasle, suhi in vla\u017eni rob\u010dki, obli\u017ei) vezni cilindri za toplotno tesnjenje vezni cilindri za ultrazvo\u010dno tesnjenje kompletne [&hellip;]<\/p>\n","protected":false},"author":1,"featured_media":0,"parent":0,"menu_order":0,"comment_status":"closed","ping_status":"closed","template":"","meta":[],"builder_content":"<h1>Delitev rotacijskih matric<\/h1>\n<p>Rotacijske matrice se izdeluju z ra\u010dunalni\u0161ko podprtimi proizvodnimi sistemi, kar ima za posledico izjemno natan\u010den in dolgotrajen izdelek.<br><br>Vrste proizvedenih rotacijskih matric:<br><\/p> <ul> <li>rotacijske matrice za izdelke za osebno higieno (higienski vlo\u017eki, plenice za dojen\u010dke in odrasle, suhi in vla\u017eni rob\u010dki, obli\u017ei)<\/li> <li>vezni cilindri za toplotno tesnjenje<\/li> <li>vezni cilindri za ultrazvo\u010dno tesnjenje<\/li> <li>kompletne skupine za rezanje in vtiskovanje.<\/li> <\/ul>\n<h5 style=\"text-align: center;\">Nekateri na\u0161i izdelki v diviziji rotacijskih matric<\/h5>\n<img src=\"https:\/\/asatools.hr\/wp-content\/uploads\/2023\/03\/Picture55.jpg\" width=\"500\" title=\"Picture55\" alt=\"Picture55\" srcset=\"https:\/\/asatools.hr\/wp-content\/uploads\/2023\/03\/Picture55.jpg 1238w, https:\/\/asatools.hr\/wp-content\/uploads\/2023\/03\/Picture55-300x210.jpg 300w, https:\/\/asatools.hr\/wp-content\/uploads\/2023\/03\/Picture55-1024x716.jpg 1024w, https:\/\/asatools.hr\/wp-content\/uploads\/2023\/03\/Picture55-768x537.jpg 768w\" sizes=\"(max-width: 1238px) 100vw, 1238px\" \/> \n <img src=\"https:\/\/asatools.hr\/wp-content\/uploads\/2023\/03\/Picture61-2.jpg\" width=\"500\" title=\"Picture61-2\" alt=\"Picture61-2\" srcset=\"https:\/\/asatools.hr\/wp-content\/uploads\/2023\/03\/Picture61-2.jpg 800w, https:\/\/asatools.hr\/wp-content\/uploads\/2023\/03\/Picture61-2-300x225.jpg 300w, https:\/\/asatools.hr\/wp-content\/uploads\/2023\/03\/Picture61-2-768x576.jpg 768w\" sizes=\"(max-width: 800px) 100vw, 800px\" \/> \n <img src=\"https:\/\/asatools.hr\/wp-content\/uploads\/2023\/03\/Picture58.jpg\" width=\"500\" title=\"Picture58\" alt=\"Picture58\" srcset=\"https:\/\/asatools.hr\/wp-content\/uploads\/2023\/03\/Picture58.jpg 1306w, https:\/\/asatools.hr\/wp-content\/uploads\/2023\/03\/Picture58-300x214.jpg 300w, https:\/\/asatools.hr\/wp-content\/uploads\/2023\/03\/Picture58-1024x731.jpg 1024w, https:\/\/asatools.hr\/wp-content\/uploads\/2023\/03\/Picture58-768x548.jpg 768w\" sizes=\"(max-width: 1306px) 100vw, 1306px\" \/>\n<img src=\"https:\/\/asatools.hr\/wp-content\/uploads\/2023\/03\/Picture60.png\" width=\"500\" title=\"Picture60\" alt=\"Picture60\" srcset=\"https:\/\/asatools.hr\/wp-content\/uploads\/2023\/03\/Picture60.png 352w, https:\/\/asatools.hr\/wp-content\/uploads\/2023\/03\/Picture60-274x300.png 274w\" sizes=\"(max-width: 352px) 100vw, 352px\" \/> \n <img src=\"https:\/\/asatools.hr\/wp-content\/uploads\/2023\/03\/Picture57.jpg\" width=\"500\" title=\"Picture57\" alt=\"Picture57\" srcset=\"https:\/\/asatools.hr\/wp-content\/uploads\/2023\/03\/Picture57.jpg 867w, https:\/\/asatools.hr\/wp-content\/uploads\/2023\/03\/Picture57-200x300.jpg 200w, https:\/\/asatools.hr\/wp-content\/uploads\/2023\/03\/Picture57-683x1024.jpg 683w, https:\/\/asatools.hr\/wp-content\/uploads\/2023\/03\/Picture57-768x1152.jpg 768w\" sizes=\"(max-width: 867px) 100vw, 867px\" \/> \n <img src=\"https:\/\/asatools.hr\/wp-content\/uploads\/2023\/03\/Picture56.jpg\" width=\"500\" title=\"Picture56\" alt=\"Picture56\" srcset=\"https:\/\/asatools.hr\/wp-content\/uploads\/2023\/03\/Picture56.jpg 1014w, https:\/\/asatools.hr\/wp-content\/uploads\/2023\/03\/Picture56-245x300.jpg 245w, https:\/\/asatools.hr\/wp-content\/uploads\/2023\/03\/Picture56-835x1024.jpg 835w, https:\/\/asatools.hr\/wp-content\/uploads\/2023\/03\/Picture56-768x941.jpg 768w\" sizes=\"(max-width: 1014px) 100vw, 1014px\" \/>","_links":{"self":[{"href":"https:\/\/asatools.hr\/index.php\/wp-json\/wp\/v2\/pages\/178"}],"collection":[{"href":"https:\/\/asatools.hr\/index.php\/wp-json\/wp\/v2\/pages"}],"about":[{"href":"https:\/\/asatools.hr\/index.php\/wp-json\/wp\/v2\/types\/page"}],"author":[{"embeddable":true,"href":"https:\/\/asatools.hr\/index.php\/wp-json\/wp\/v2\/users\/1"}],"replies":[{"embeddable":true,"href":"https:\/\/asatools.hr\/index.php\/wp-json\/wp\/v2\/comments?post=178"}],"version-history":[{"count":4,"href":"https:\/\/asatools.hr\/index.php\/wp-json\/wp\/v2\/pages\/178\/revisions"}],"predecessor-version":[{"id":534,"href":"https:\/\/asatools.hr\/index.php\/wp-json\/wp\/v2\/pages\/178\/revisions\/534"}],"wp:attachment":[{"href":"https:\/\/asatools.hr\/index.php\/wp-json\/wp\/v2\/media?parent=178"}],"curies":[{"name":"wp","href":"https:\/\/api.w.org\/{rel}","templated":true}]}}